{"id":127,"date":"2021-01-21T14:02:28","date_gmt":"2021-01-21T13:02:28","guid":{"rendered":"https:\/\/shop.dychovahudba.sk\/?post_type=product&#038;p=127"},"modified":"2026-01-26T09:37:08","modified_gmt":"2026-01-26T08:37:08","slug":"obrazky-hudby","status":"publish","type":"product","link":"https:\/\/shop.dychovahudba.sk\/en\/product\/obrazky-hudby\/","title":{"rendered":"Obr\u00e1zky hudby"},"content":{"rendered":"<h6><span style=\"color: #000000; font-size: 12pt;\">Kr\u00e1tk\u00e1 Anotace:<\/span><\/h6>\n<h6><span style=\"color: #000000; font-size: 12pt;\">kniha, Obr\u00e1zky hudby, Obr\u00e1zky, \u00c9milie Beaumont, Marie &#8211; Ren\u00e9e Pimont, Mlad\u00e9 let\u00e1<\/span><\/h6>","protected":false},"excerpt":{"rendered":"<div class=\"productDetail-producer\">\n<ul>\n<li><span style=\"color: #000000;\"><b>V\u00fdrobca:\u00a0<\/b>Slovensk\u00e9 pedagogick\u00e9 nakladatelstvo &#8211; M<\/span><\/li>\n<li><span style=\"color: #000000;\"><b>Zna\u010dka:<\/b> Mlad\u00e9 let\u00e1<\/span><\/li>\n<li><span style=\"color: #000000;\"><b>ISBN:\u00a0<\/b>80-06-01257-1<\/span><\/li>\n<li><span style=\"color: #000000;\"><b>Druh sortimentu:\u00a0<\/b>Kniha<\/span><\/li>\n<li><span style=\"color: #000000;\"><b>Ed\u00edcia:\u00a0<\/b>Obr\u00e1zky<\/span><\/li>\n<li><span style=\"color: #000000;\"><b>Po\u0159ad\u00ed vyd\u00e1n\u00ed:\u00a0<\/b>1<\/span><\/li>\n<li><span style=\"color: #000000;\"><b>Form\u00e1t:<\/b> 185 x 225 x 15<\/span><\/li>\n<li><span style=\"color: #000000;\"><b>V\u00e1ha:\u00a0<\/b>0,53<\/span><\/li>\n<li><span style=\"color: #000000;\"><b>Po\u010det str\u00e1n:\u00a0<\/b>132<\/span><\/li>\n<li><span style=\"color: #000000;\"><b>V\u00e4zba:\u00a0<\/b>Pevn\u00e1 bez p\u0159ebalu leskl\u00e1<\/span><\/li>\n<li><span style=\"color: #000000;\"><b>D\u00e1tum posledn\u00e9ho doplnenia:\u00a0<\/b>28. 5. 2019<\/span><\/li>\n<li><span style=\"color: #000000;\"><b>D\u00e1tum prv\u00e9ho vydania:\u00a0<\/b>1. 6. 2002<\/span><\/li>\n<li><span style=\"color: #000000;\"><b>Po\u0159ad\u00ed vyd\u00e1n\u00ed:\u00a0<\/b>1<\/span><\/li>\n<\/ul>\n<\/div>","protected":false},"featured_media":128,"comment_status":"open","ping_status":"closed","template":"","meta":{"_monsterinsights_skip_tracking":false,"_monsterinsights_sitenote_active":false,"_monsterinsights_sitenote_note":"","_monsterinsights_sitenote_category":0},"product_brand":[],"product_cat":[81],"product_tag":[83,86],"class_list":{"0":"post-127","1":"product","2":"type-product","3":"status-publish","4":"has-post-thumbnail","6":"product_cat-knihy","7":"product_tag-kniha","8":"product_tag-pre-deti","10":"first","11":"outofstock","12":"shipping-taxable","13":"purchasable","14":"product-type-simple"},"yoast_head":"<!-- This site is optimized with the Yoast SEO plugin v26.8 - https:\/\/yoast.com\/product\/yoast-seo-wordpress\/ -->\n<title>Obr\u00e1zky hudby - SHOP - Slovensk\u00e1 dychov\u00e1 hudba<\/title>\n<meta name=\"robots\" content=\"index, follow, max-snippet:-1, max-image-preview:large, max-video-preview:-1\" \/>\n<link rel=\"canonical\" href=\"https:\/\/shop.dychovahudba.sk\/en\/product\/obrazky-hudby\/\" \/>\n<meta property=\"og:locale\" content=\"en_US\" \/>\n<meta property=\"og:type\" content=\"article\" \/>\n<meta property=\"og:title\" content=\"Obr\u00e1zky hudby\" \/>\n<meta property=\"og:description\" content=\"V\u00fdrobca:\u00a0Slovensk\u00e9 pedagogick\u00e9 nakladatelstvo - M  Zna\u010dka: Mlad\u00e9 let\u00e1  ISBN:\u00a080-06-01257-1  Druh sortimentu:\u00a0Kniha  Ed\u00edcia:\u00a0Obr\u00e1zky  Po\u0159ad\u00ed vyd\u00e1n\u00ed:\u00a01  Form\u00e1t: 185 x 225 x 15  V\u00e1ha:\u00a00,53  Po\u010det str\u00e1n:\u00a0132  V\u00e4zba:\u00a0Pevn\u00e1 bez p\u0159ebalu leskl\u00e1  D\u00e1tum posledn\u00e9ho doplnenia:\u00a028. 5. 2019  D\u00e1tum prv\u00e9ho vydania:\u00a01. 6. 2002  Po\u0159ad\u00ed vyd\u00e1n\u00ed:\u00a01\" \/>\n<meta property=\"og:url\" content=\"https:\/\/shop.dychovahudba.sk\/en\/product\/obrazky-hudby\/\" \/>\n<meta property=\"og:site_name\" content=\"SHOP - Slovensk\u00e1 dychov\u00e1 hudba\" \/>\n<meta property=\"article:modified_time\" content=\"2026-01-26T08:37:08+00:00\" \/>\n<meta property=\"og:image\" content=\"https:\/\/shop.dychovahudba.sk\/wp-content\/uploads\/2021\/01\/Obrazky-hudby.jpg\" \/>\n\t<meta property=\"og:image:width\" content=\"845\" \/>\n\t<meta property=\"og:image:height\" content=\"1024\" \/>\n\t<meta property=\"og:image:type\" content=\"image\/jpeg\" \/>\n<meta name=\"twitter:card\" content=\"summary_large_image\" \/>\n<meta name=\"twitter:label1\" content=\"Est. reading time\" \/>\n\t<meta name=\"twitter:data1\" content=\"1 minute\" \/>\n<script type=\"application\/ld+json\" class=\"yoast-schema-graph\">{\"@context\":\"https:\/\/schema.org\",\"@graph\":[{\"@type\":\"WebPage\",\"@id\":\"https:\/\/shop.dychovahudba.sk\/produkt\/obrazky-hudby\/\",\"url\":\"https:\/\/shop.dychovahudba.sk\/produkt\/obrazky-hudby\/\",\"name\":\"Obr\u00e1zky hudby - SHOP - Slovensk\u00e1 dychov\u00e1 hudba\",\"isPartOf\":{\"@id\":\"https:\/\/shop.dychovahudba.sk\/#website\"},\"primaryImageOfPage\":{\"@id\":\"https:\/\/shop.dychovahudba.sk\/produkt\/obrazky-hudby\/#primaryimage\"},\"image\":{\"@id\":\"https:\/\/shop.dychovahudba.sk\/produkt\/obrazky-hudby\/#primaryimage\"},\"thumbnailUrl\":\"https:\/\/shop.dychovahudba.sk\/wp-content\/uploads\/2021\/01\/Obrazky-hudby.jpg\",\"datePublished\":\"2021-01-21T13:02:28+00:00\",\"dateModified\":\"2026-01-26T08:37:08+00:00\",\"breadcrumb\":{\"@id\":\"https:\/\/shop.dychovahudba.sk\/produkt\/obrazky-hudby\/#breadcrumb\"},\"inLanguage\":\"en-US\",\"potentialAction\":[{\"@type\":\"ReadAction\",\"target\":[\"https:\/\/shop.dychovahudba.sk\/produkt\/obrazky-hudby\/\"]}]},{\"@type\":\"ImageObject\",\"inLanguage\":\"en-US\",\"@id\":\"https:\/\/shop.dychovahudba.sk\/produkt\/obrazky-hudby\/#primaryimage\",\"url\":\"https:\/\/shop.dychovahudba.sk\/wp-content\/uploads\/2021\/01\/Obrazky-hudby.jpg\",\"contentUrl\":\"https:\/\/shop.dychovahudba.sk\/wp-content\/uploads\/2021\/01\/Obrazky-hudby.jpg\",\"width\":845,\"height\":1024},{\"@type\":\"BreadcrumbList\",\"@id\":\"https:\/\/shop.dychovahudba.sk\/produkt\/obrazky-hudby\/#breadcrumb\",\"itemListElement\":[{\"@type\":\"ListItem\",\"position\":1,\"name\":\"Home\",\"item\":\"https:\/\/shop.dychovahudba.sk\/\"},{\"@type\":\"ListItem\",\"position\":2,\"name\":\"Obchod\",\"item\":\"https:\/\/shop.dychovahudba.sk\/\"},{\"@type\":\"ListItem\",\"position\":3,\"name\":\"Obr\u00e1zky hudby\"}]},{\"@type\":\"WebSite\",\"@id\":\"https:\/\/shop.dychovahudba.sk\/#website\",\"url\":\"https:\/\/shop.dychovahudba.sk\/\",\"name\":\"SHOP - Slovensk\u00e1 dychov\u00e1 hudba\",\"description\":\"Knihy-Noty-CD-DVD-Merch-Hudobn\u00e9 n\u00e1stroje\",\"potentialAction\":[{\"@type\":\"SearchAction\",\"target\":{\"@type\":\"EntryPoint\",\"urlTemplate\":\"https:\/\/shop.dychovahudba.sk\/?s={search_term_string}\"},\"query-input\":{\"@type\":\"PropertyValueSpecification\",\"valueRequired\":true,\"valueName\":\"search_term_string\"}}],\"inLanguage\":\"en-US\"}]}<\/script>\n<!-- \/ Yoast SEO plugin. -->","yoast_head_json":{"title":"Obr\u00e1zky hudby - SHOP - Slovensk\u00e1 dychov\u00e1 hudba","robots":{"index":"index","follow":"follow","max-snippet":"max-snippet:-1","max-image-preview":"max-image-preview:large","max-video-preview":"max-video-preview:-1"},"canonical":"https:\/\/shop.dychovahudba.sk\/en\/product\/obrazky-hudby\/","og_locale":"en_US","og_type":"article","og_title":"Obr\u00e1zky hudby","og_description":"V\u00fdrobca:\u00a0Slovensk\u00e9 pedagogick\u00e9 nakladatelstvo - M  Zna\u010dka: Mlad\u00e9 let\u00e1  ISBN:\u00a080-06-01257-1  Druh sortimentu:\u00a0Kniha  Ed\u00edcia:\u00a0Obr\u00e1zky  Po\u0159ad\u00ed vyd\u00e1n\u00ed:\u00a01  Form\u00e1t: 185 x 225 x 15  V\u00e1ha:\u00a00,53  Po\u010det str\u00e1n:\u00a0132  V\u00e4zba:\u00a0Pevn\u00e1 bez p\u0159ebalu leskl\u00e1  D\u00e1tum posledn\u00e9ho doplnenia:\u00a028. 5. 2019  D\u00e1tum prv\u00e9ho vydania:\u00a01. 6. 2002  Po\u0159ad\u00ed vyd\u00e1n\u00ed:\u00a01","og_url":"https:\/\/shop.dychovahudba.sk\/en\/product\/obrazky-hudby\/","og_site_name":"SHOP - Slovensk\u00e1 dychov\u00e1 hudba","article_modified_time":"2026-01-26T08:37:08+00:00","og_image":[{"width":845,"height":1024,"url":"https:\/\/shop.dychovahudba.sk\/wp-content\/uploads\/2021\/01\/Obrazky-hudby.jpg","type":"image\/jpeg"}],"twitter_card":"summary_large_image","twitter_misc":{"Est. reading time":"1 minute"},"schema":{"@context":"https:\/\/schema.org","@graph":[{"@type":"WebPage","@id":"https:\/\/shop.dychovahudba.sk\/produkt\/obrazky-hudby\/","url":"https:\/\/shop.dychovahudba.sk\/produkt\/obrazky-hudby\/","name":"Obr\u00e1zky hudby - SHOP - Slovensk\u00e1 dychov\u00e1 hudba","isPartOf":{"@id":"https:\/\/shop.dychovahudba.sk\/#website"},"primaryImageOfPage":{"@id":"https:\/\/shop.dychovahudba.sk\/produkt\/obrazky-hudby\/#primaryimage"},"image":{"@id":"https:\/\/shop.dychovahudba.sk\/produkt\/obrazky-hudby\/#primaryimage"},"thumbnailUrl":"https:\/\/shop.dychovahudba.sk\/wp-content\/uploads\/2021\/01\/Obrazky-hudby.jpg","datePublished":"2021-01-21T13:02:28+00:00","dateModified":"2026-01-26T08:37:08+00:00","breadcrumb":{"@id":"https:\/\/shop.dychovahudba.sk\/produkt\/obrazky-hudby\/#breadcrumb"},"inLanguage":"en-US","potentialAction":[{"@type":"ReadAction","target":["https:\/\/shop.dychovahudba.sk\/produkt\/obrazky-hudby\/"]}]},{"@type":"ImageObject","inLanguage":"en-US","@id":"https:\/\/shop.dychovahudba.sk\/produkt\/obrazky-hudby\/#primaryimage","url":"https:\/\/shop.dychovahudba.sk\/wp-content\/uploads\/2021\/01\/Obrazky-hudby.jpg","contentUrl":"https:\/\/shop.dychovahudba.sk\/wp-content\/uploads\/2021\/01\/Obrazky-hudby.jpg","width":845,"height":1024},{"@type":"BreadcrumbList","@id":"https:\/\/shop.dychovahudba.sk\/produkt\/obrazky-hudby\/#breadcrumb","itemListElement":[{"@type":"ListItem","position":1,"name":"Home","item":"https:\/\/shop.dychovahudba.sk\/"},{"@type":"ListItem","position":2,"name":"Obchod","item":"https:\/\/shop.dychovahudba.sk\/"},{"@type":"ListItem","position":3,"name":"Obr\u00e1zky hudby"}]},{"@type":"WebSite","@id":"https:\/\/shop.dychovahudba.sk\/#website","url":"https:\/\/shop.dychovahudba.sk\/","name":"SHOP - Slovensk\u00e1 dychov\u00e1 hudba","description":"Knihy-Noty-CD-DVD-Merch-Hudobn\u00e9 n\u00e1stroje","potentialAction":[{"@type":"SearchAction","target":{"@type":"EntryPoint","urlTemplate":"https:\/\/shop.dychovahudba.sk\/?s={search_term_string}"},"query-input":{"@type":"PropertyValueSpecification","valueRequired":true,"valueName":"search_term_string"}}],"inLanguage":"en-US"}]}},"_links":{"self":[{"href":"https:\/\/shop.dychovahudba.sk\/en\/wp-json\/wp\/v2\/product\/127","targetHints":{"allow":["GET"]}}],"collection":[{"href":"https:\/\/shop.dychovahudba.sk\/en\/wp-json\/wp\/v2\/product"}],"about":[{"href":"https:\/\/shop.dychovahudba.sk\/en\/wp-json\/wp\/v2\/types\/product"}],"replies":[{"embeddable":true,"href":"https:\/\/shop.dychovahudba.sk\/en\/wp-json\/wp\/v2\/comments?post=127"}],"wp:featuredmedia":[{"embeddable":true,"href":"https:\/\/shop.dychovahudba.sk\/en\/wp-json\/wp\/v2\/media\/128"}],"wp:attachment":[{"href":"https:\/\/shop.dychovahudba.sk\/en\/wp-json\/wp\/v2\/media?parent=127"}],"wp:term":[{"taxonomy":"product_brand","embeddable":true,"href":"https:\/\/shop.dychovahudba.sk\/en\/wp-json\/wp\/v2\/product_brand?post=127"},{"taxonomy":"product_cat","embeddable":true,"href":"https:\/\/shop.dychovahudba.sk\/en\/wp-json\/wp\/v2\/product_cat?post=127"},{"taxonomy":"product_tag","embeddable":true,"href":"https:\/\/shop.dychovahudba.sk\/en\/wp-json\/wp\/v2\/product_tag?post=127"}],"curies":[{"name":"wp","href":"https:\/\/api.w.org\/{rel}","templated":true}]}}