{"id":129,"date":"2021-01-21T14:09:27","date_gmt":"2021-01-21T13:09:27","guid":{"rendered":"https:\/\/shop.dychovahudba.sk\/?post_type=product&#038;p=129"},"modified":"2026-01-26T09:37:08","modified_gmt":"2026-01-26T08:37:08","slug":"tajemstvi-hudby-jason-martineau","status":"publish","type":"product","link":"https:\/\/shop.dychovahudba.sk\/en\/product\/tajemstvi-hudby-jason-martineau\/","title":{"rendered":"Tajemstv\u00ed hudby (Jason Martineau)"},"content":{"rendered":"<p><span style=\"color: #000000; font-size: 14pt;\">Tato inovativn\u00ed kn\u00ed\u017ee\u010dka ukazuje, v \u010dem tkv\u00ed tajemstv\u00ed hudby, toti\u017e v d\u00e1vno zn\u00e1m\u00fdch z\u00e1kladech akustiky, proporc\u00ed a vztah\u016f a v hudebn\u00edch metafor\u00e1ch. <\/span><\/p>\n<p><span style=\"color: #000000; font-size: 14pt;\">Melodie, rytmy i harmonie o\u017e\u00edvaj\u00ed vedle tradi\u010dn\u00ed z\u00e1padn\u00ed notace i v podob\u011b origin\u00e1ln\u00edch n\u00e1\u010drtk\u016f a symbol\u016f. Jason Martineau sepsal vynikaj\u00edc\u00ed rukov\u011b\u0165 hudebn\u00ed teorie od interval\u016f, trojzvuk\u016f a kvintov\u00e9ho kruhu po durov\u00e9 i mollov\u00e9 t\u00f3niny a modulace, ur\u010denou pro nov\u00e1\u010dky i profesion\u00e1ln\u00ed hudebn\u00edky.<\/span><\/p>","protected":false},"excerpt":{"rendered":"<div class=\"ProductDetail-isbn\">\n<ul>\n<li><b>ISBN:\u00a0<\/b>978-80-7363-966-2<\/li>\n<li><b>Druh sortimentu:\u00a0<\/b>Kniha<\/li>\n<li><b>Ed\u00edcia:\u00a0<\/b>Pergamen<\/li>\n<li><b>Po\u0159ad\u00ed vyd\u00e1n\u00ed:\u00a0<\/b>2<\/li>\n<li><b>Form\u00e1t:<\/b> 150 x 179 x 15<\/li>\n<li><b>V\u00e1ha:\u00a0<\/b>0,16<\/li>\n<li><b>Po\u010det str\u00e1n:\u00a0<\/b>64<\/li>\n<li><b>V\u00e4zba:\u00a0<\/b>Pevn\u00e1 s p\u0159ebalem leskl\u00e1<\/li>\n<li><b>D\u00e1tum posledn\u00e9ho doplnenia:\u00a0<\/b>28. 8. 2019<\/li>\n<li><b>D\u00e1tum prv\u00e9ho vydania:\u00a0<\/b>1. 8. 2019<\/li>\n<li><b>Po\u0159ad\u00ed vyd\u00e1n\u00ed:\u00a0<\/b>2<\/li>\n<\/ul>\n<\/div>","protected":false},"featured_media":130,"comment_status":"open","ping_status":"closed","template":"","meta":{"_monsterinsights_skip_tracking":false,"_monsterinsights_sitenote_active":false,"_monsterinsights_sitenote_note":"","_monsterinsights_sitenote_category":0},"product_brand":[],"product_cat":[81],"product_tag":[83],"class_list":{"0":"post-129","1":"product","2":"type-product","3":"status-publish","4":"has-post-thumbnail","6":"product_cat-knihy","7":"product_tag-kniha","9":"first","10":"outofstock","11":"shipping-taxable","12":"purchasable","13":"product-type-simple"},"yoast_head":"<!-- This site is optimized with the Yoast SEO plugin v26.8 - https:\/\/yoast.com\/product\/yoast-seo-wordpress\/ -->\n<title>Tajemstv\u00ed hudby (Jason Martineau) - SHOP - Slovensk\u00e1 dychov\u00e1 hudba<\/title>\n<meta name=\"description\" content=\"Tato inovativn\u00ed kn\u00ed\u017ee\u010dka ukazuje, v \u010dem tkv\u00ed tajemstv\u00ed hudby, toti\u017e v d\u00e1vno zn\u00e1m\u00fdch z\u00e1kladech akustiky, proporc\u00ed a vztah\u016f a v hudebn\u00edch metafor\u00e1ch.\" \/>\n<meta name=\"robots\" content=\"index, follow, max-snippet:-1, max-image-preview:large, max-video-preview:-1\" \/>\n<link rel=\"canonical\" href=\"https:\/\/shop.dychovahudba.sk\/en\/product\/tajemstvi-hudby-jason-martineau\/\" \/>\n<meta property=\"og:locale\" content=\"en_US\" \/>\n<meta property=\"og:type\" content=\"article\" \/>\n<meta property=\"og:title\" content=\"Tajemstv\u00ed hudby (Jason Martineau) kniha\" \/>\n<meta property=\"og:description\" content=\"Tato inovativn\u00ed kn\u00ed\u017ee\u010dka ukazuje, v \u010dem tkv\u00ed tajemstv\u00ed hudby, toti\u017e v d\u00e1vno zn\u00e1m\u00fdch z\u00e1kladech akustiky, proporc\u00ed a vztah\u016f a v hudebn\u00edch metafor\u00e1ch.\" \/>\n<meta property=\"og:url\" content=\"https:\/\/shop.dychovahudba.sk\/en\/product\/tajemstvi-hudby-jason-martineau\/\" \/>\n<meta property=\"og:site_name\" content=\"SHOP - Slovensk\u00e1 dychov\u00e1 hudba\" \/>\n<meta property=\"article:modified_time\" content=\"2026-01-26T08:37:08+00:00\" \/>\n<meta property=\"og:image\" content=\"https:\/\/shop.dychovahudba.sk\/wp-content\/uploads\/2021\/01\/Tajemstvi-hudby.jpg\" \/>\n\t<meta property=\"og:image:width\" content=\"862\" \/>\n\t<meta property=\"og:image:height\" content=\"1024\" \/>\n\t<meta property=\"og:image:type\" content=\"image\/jpeg\" \/>\n<meta name=\"twitter:card\" content=\"summary_large_image\" \/>\n<meta name=\"twitter:label1\" content=\"Est. reading time\" \/>\n\t<meta name=\"twitter:data1\" content=\"1 minute\" \/>\n<script type=\"application\/ld+json\" class=\"yoast-schema-graph\">{\"@context\":\"https:\/\/schema.org\",\"@graph\":[{\"@type\":\"WebPage\",\"@id\":\"https:\/\/shop.dychovahudba.sk\/produkt\/tajemstvi-hudby-jason-martineau\/\",\"url\":\"https:\/\/shop.dychovahudba.sk\/produkt\/tajemstvi-hudby-jason-martineau\/\",\"name\":\"Tajemstv\u00ed hudby (Jason Martineau) - SHOP - Slovensk\u00e1 dychov\u00e1 hudba\",\"isPartOf\":{\"@id\":\"https:\/\/shop.dychovahudba.sk\/#website\"},\"primaryImageOfPage\":{\"@id\":\"https:\/\/shop.dychovahudba.sk\/produkt\/tajemstvi-hudby-jason-martineau\/#primaryimage\"},\"image\":{\"@id\":\"https:\/\/shop.dychovahudba.sk\/produkt\/tajemstvi-hudby-jason-martineau\/#primaryimage\"},\"thumbnailUrl\":\"https:\/\/shop.dychovahudba.sk\/wp-content\/uploads\/2021\/01\/Tajemstvi-hudby.jpg\",\"datePublished\":\"2021-01-21T13:09:27+00:00\",\"dateModified\":\"2026-01-26T08:37:08+00:00\",\"description\":\"Tato inovativn\u00ed kn\u00ed\u017ee\u010dka ukazuje, v \u010dem tkv\u00ed tajemstv\u00ed hudby, toti\u017e v d\u00e1vno zn\u00e1m\u00fdch z\u00e1kladech akustiky, proporc\u00ed a vztah\u016f a v hudebn\u00edch metafor\u00e1ch.\",\"breadcrumb\":{\"@id\":\"https:\/\/shop.dychovahudba.sk\/produkt\/tajemstvi-hudby-jason-martineau\/#breadcrumb\"},\"inLanguage\":\"en-US\",\"potentialAction\":[{\"@type\":\"ReadAction\",\"target\":[\"https:\/\/shop.dychovahudba.sk\/produkt\/tajemstvi-hudby-jason-martineau\/\"]}]},{\"@type\":\"ImageObject\",\"inLanguage\":\"en-US\",\"@id\":\"https:\/\/shop.dychovahudba.sk\/produkt\/tajemstvi-hudby-jason-martineau\/#primaryimage\",\"url\":\"https:\/\/shop.dychovahudba.sk\/wp-content\/uploads\/2021\/01\/Tajemstvi-hudby.jpg\",\"contentUrl\":\"https:\/\/shop.dychovahudba.sk\/wp-content\/uploads\/2021\/01\/Tajemstvi-hudby.jpg\",\"width\":862,\"height\":1024},{\"@type\":\"BreadcrumbList\",\"@id\":\"https:\/\/shop.dychovahudba.sk\/produkt\/tajemstvi-hudby-jason-martineau\/#breadcrumb\",\"itemListElement\":[{\"@type\":\"ListItem\",\"position\":1,\"name\":\"Home\",\"item\":\"https:\/\/shop.dychovahudba.sk\/\"},{\"@type\":\"ListItem\",\"position\":2,\"name\":\"Obchod\",\"item\":\"https:\/\/shop.dychovahudba.sk\/\"},{\"@type\":\"ListItem\",\"position\":3,\"name\":\"Tajemstv\u00ed hudby (Jason Martineau)\"}]},{\"@type\":\"WebSite\",\"@id\":\"https:\/\/shop.dychovahudba.sk\/#website\",\"url\":\"https:\/\/shop.dychovahudba.sk\/\",\"name\":\"SHOP - Slovensk\u00e1 dychov\u00e1 hudba\",\"description\":\"Knihy-Noty-CD-DVD-Merch-Hudobn\u00e9 n\u00e1stroje\",\"potentialAction\":[{\"@type\":\"SearchAction\",\"target\":{\"@type\":\"EntryPoint\",\"urlTemplate\":\"https:\/\/shop.dychovahudba.sk\/?s={search_term_string}\"},\"query-input\":{\"@type\":\"PropertyValueSpecification\",\"valueRequired\":true,\"valueName\":\"search_term_string\"}}],\"inLanguage\":\"en-US\"}]}<\/script>\n<!-- \/ Yoast SEO plugin. -->","yoast_head_json":{"title":"Tajemstv\u00ed hudby (Jason Martineau) - SHOP - Slovensk\u00e1 dychov\u00e1 hudba","description":"Tato inovativn\u00ed kn\u00ed\u017ee\u010dka ukazuje, v \u010dem tkv\u00ed tajemstv\u00ed hudby, toti\u017e v d\u00e1vno zn\u00e1m\u00fdch z\u00e1kladech akustiky, proporc\u00ed a vztah\u016f a v hudebn\u00edch metafor\u00e1ch.","robots":{"index":"index","follow":"follow","max-snippet":"max-snippet:-1","max-image-preview":"max-image-preview:large","max-video-preview":"max-video-preview:-1"},"canonical":"https:\/\/shop.dychovahudba.sk\/en\/product\/tajemstvi-hudby-jason-martineau\/","og_locale":"en_US","og_type":"article","og_title":"Tajemstv\u00ed hudby (Jason Martineau) kniha","og_description":"Tato inovativn\u00ed kn\u00ed\u017ee\u010dka ukazuje, v \u010dem tkv\u00ed tajemstv\u00ed hudby, toti\u017e v d\u00e1vno zn\u00e1m\u00fdch z\u00e1kladech akustiky, proporc\u00ed a vztah\u016f a v hudebn\u00edch metafor\u00e1ch.","og_url":"https:\/\/shop.dychovahudba.sk\/en\/product\/tajemstvi-hudby-jason-martineau\/","og_site_name":"SHOP - Slovensk\u00e1 dychov\u00e1 hudba","article_modified_time":"2026-01-26T08:37:08+00:00","og_image":[{"width":862,"height":1024,"url":"https:\/\/shop.dychovahudba.sk\/wp-content\/uploads\/2021\/01\/Tajemstvi-hudby.jpg","type":"image\/jpeg"}],"twitter_card":"summary_large_image","twitter_misc":{"Est. reading time":"1 minute"},"schema":{"@context":"https:\/\/schema.org","@graph":[{"@type":"WebPage","@id":"https:\/\/shop.dychovahudba.sk\/produkt\/tajemstvi-hudby-jason-martineau\/","url":"https:\/\/shop.dychovahudba.sk\/produkt\/tajemstvi-hudby-jason-martineau\/","name":"Tajemstv\u00ed hudby (Jason Martineau) - SHOP - Slovensk\u00e1 dychov\u00e1 hudba","isPartOf":{"@id":"https:\/\/shop.dychovahudba.sk\/#website"},"primaryImageOfPage":{"@id":"https:\/\/shop.dychovahudba.sk\/produkt\/tajemstvi-hudby-jason-martineau\/#primaryimage"},"image":{"@id":"https:\/\/shop.dychovahudba.sk\/produkt\/tajemstvi-hudby-jason-martineau\/#primaryimage"},"thumbnailUrl":"https:\/\/shop.dychovahudba.sk\/wp-content\/uploads\/2021\/01\/Tajemstvi-hudby.jpg","datePublished":"2021-01-21T13:09:27+00:00","dateModified":"2026-01-26T08:37:08+00:00","description":"Tato inovativn\u00ed kn\u00ed\u017ee\u010dka ukazuje, v \u010dem tkv\u00ed tajemstv\u00ed hudby, toti\u017e v d\u00e1vno zn\u00e1m\u00fdch z\u00e1kladech akustiky, proporc\u00ed a vztah\u016f a v hudebn\u00edch metafor\u00e1ch.","breadcrumb":{"@id":"https:\/\/shop.dychovahudba.sk\/produkt\/tajemstvi-hudby-jason-martineau\/#breadcrumb"},"inLanguage":"en-US","potentialAction":[{"@type":"ReadAction","target":["https:\/\/shop.dychovahudba.sk\/produkt\/tajemstvi-hudby-jason-martineau\/"]}]},{"@type":"ImageObject","inLanguage":"en-US","@id":"https:\/\/shop.dychovahudba.sk\/produkt\/tajemstvi-hudby-jason-martineau\/#primaryimage","url":"https:\/\/shop.dychovahudba.sk\/wp-content\/uploads\/2021\/01\/Tajemstvi-hudby.jpg","contentUrl":"https:\/\/shop.dychovahudba.sk\/wp-content\/uploads\/2021\/01\/Tajemstvi-hudby.jpg","width":862,"height":1024},{"@type":"BreadcrumbList","@id":"https:\/\/shop.dychovahudba.sk\/produkt\/tajemstvi-hudby-jason-martineau\/#breadcrumb","itemListElement":[{"@type":"ListItem","position":1,"name":"Home","item":"https:\/\/shop.dychovahudba.sk\/"},{"@type":"ListItem","position":2,"name":"Obchod","item":"https:\/\/shop.dychovahudba.sk\/"},{"@type":"ListItem","position":3,"name":"Tajemstv\u00ed hudby (Jason Martineau)"}]},{"@type":"WebSite","@id":"https:\/\/shop.dychovahudba.sk\/#website","url":"https:\/\/shop.dychovahudba.sk\/","name":"SHOP - Slovensk\u00e1 dychov\u00e1 hudba","description":"Knihy-Noty-CD-DVD-Merch-Hudobn\u00e9 n\u00e1stroje","potentialAction":[{"@type":"SearchAction","target":{"@type":"EntryPoint","urlTemplate":"https:\/\/shop.dychovahudba.sk\/?s={search_term_string}"},"query-input":{"@type":"PropertyValueSpecification","valueRequired":true,"valueName":"search_term_string"}}],"inLanguage":"en-US"}]}},"_links":{"self":[{"href":"https:\/\/shop.dychovahudba.sk\/en\/wp-json\/wp\/v2\/product\/129","targetHints":{"allow":["GET"]}}],"collection":[{"href":"https:\/\/shop.dychovahudba.sk\/en\/wp-json\/wp\/v2\/product"}],"about":[{"href":"https:\/\/shop.dychovahudba.sk\/en\/wp-json\/wp\/v2\/types\/product"}],"replies":[{"embeddable":true,"href":"https:\/\/shop.dychovahudba.sk\/en\/wp-json\/wp\/v2\/comments?post=129"}],"wp:featuredmedia":[{"embeddable":true,"href":"https:\/\/shop.dychovahudba.sk\/en\/wp-json\/wp\/v2\/media\/130"}],"wp:attachment":[{"href":"https:\/\/shop.dychovahudba.sk\/en\/wp-json\/wp\/v2\/media?parent=129"}],"wp:term":[{"taxonomy":"product_brand","embeddable":true,"href":"https:\/\/shop.dychovahudba.sk\/en\/wp-json\/wp\/v2\/product_brand?post=129"},{"taxonomy":"product_cat","embeddable":true,"href":"https:\/\/shop.dychovahudba.sk\/en\/wp-json\/wp\/v2\/product_cat?post=129"},{"taxonomy":"product_tag","embeddable":true,"href":"https:\/\/shop.dychovahudba.sk\/en\/wp-json\/wp\/v2\/product_tag?post=129"}],"curies":[{"name":"wp","href":"https:\/\/api.w.org\/{rel}","templated":true}]}}