{"id":135,"date":"2021-01-21T14:44:43","date_gmt":"2021-01-21T13:44:43","guid":{"rendered":"https:\/\/shop.dychovahudba.sk\/?post_type=product&#038;p=135"},"modified":"2026-01-26T09:37:08","modified_gmt":"2026-01-26T08:37:08","slug":"emocni-sila-krasnych-zvuku","status":"publish","type":"product","link":"https:\/\/shop.dychovahudba.sk\/en\/product\/emocni-sila-krasnych-zvuku\/","title":{"rendered":"Emo\u010dn\u00ed s\u00edla kr\u00e1sn\u00fdch zvuk\u016f"},"content":{"rendered":"<p><span style=\"font-size: 14pt;\"><strong>Vliv hudby na lidsk\u00fd \u017eivot<\/strong><\/span><br \/>\n<span style=\"font-size: 14pt;\">Hudba hraje velmi d\u016fle\u017eitou roli v na\u0161em emo\u010dn\u00edm, intelektu\u00e1ln\u00edm, a dokonce i fyzick\u00e9m \u017eivot\u011b. M\u00e1 vliv na to, jak\u00fdm zp\u016fsobem se chov\u00e1me, pracujeme, relaxujeme a vn\u00edm\u00e1me. Dok\u00e1\u017ee n\u00e1s rozesm\u00e1t nebo rozplakat, proto\u017ee n\u00e1m pom\u00e1h\u00e1 utv\u00e1\u0159et vztahy s lidmi kolem n\u00e1s, a dokonce m\u00e1 moc zm\u00edrnit \u0159adu zdravotn\u00edch pot\u00ed\u017e\u00ed. P\u00edsn\u011b, kter\u00e9 m\u00e1te r\u00e1di (\u010di nen\u00e1vid\u00edte, a dokonce i ty, kter\u00e9 vn\u00edm\u00e1te naprosto neutr\u00e1ln\u011b), nedotv\u00e1\u0159\u00ed jen soundtrack k va\u0161emu \u017eivotu \u2013 ve skute\u010dnosti jej pom\u00e1haj\u00ed tvarovat.<\/span><\/p>\n<p><span style=\"font-size: 14pt;\"><strong>Poznejte hudbu sv\u00e9ho \u017eivota<\/strong><\/span><br \/>\n<span style=\"font-size: 14pt;\">V\u011bdec a hudebn\u00edk John Powell se v t\u00e9to knize vrac\u00ed hluboko do desetilet\u00ed psychologick\u00fdch a sociologick\u00fdch studi\u00ed s c\u00edlem odpov\u011bd\u011bt na ot\u00e1zku \u201ePro\u010d n\u00e1s hudba tak hluboce ovliv\u0148uje?\u201c. Sv\u00fdm uvoln\u011bn\u00fdm, konverza\u010dn\u00edm stylem zkoum\u00e1 v\u0161echny aspekty hudebn\u00ed psychologie, od toho, jak hudba pom\u00e1h\u00e1 mimink\u016fm vytv\u00e1\u0159et pouto s matkami, a\u017e po zp\u016fsoby, jak\u00fdmi hudba m\u016f\u017ee zm\u011bnit chu\u0165 v\u00edna nebo v\u00e1s p\u0159im\u011bt, abyste tr\u00e1vili v\u00edce \u010dasu v restaurac\u00edch.<\/span><\/p>","protected":false},"excerpt":{"rendered":"<p><span style=\"color: #000000;\"><b>ISBN:\u00a0<\/b>978-80-7554-162-8<\/span><\/p>\n<p><span style=\"color: #000000;\"><b>Druh sortimentu:\u00a0<\/b>Kniha<\/span><\/p>\n<p><span style=\"color: #000000;\"><b>Po\u0159ad\u00ed vyd\u00e1n\u00ed:\u00a0<\/b>1<\/span><\/p>\n<p><span style=\"color: #000000;\"><b>Form\u00e1t:<\/b>\u00a0145 x 205 x 15<\/span><\/p>\n<p><span style=\"color: #000000;\"><b>V\u00e1ha:\u00a0<\/b>0,32<\/span><\/p>\n<p><span style=\"color: #000000;\"><b>Po\u010det str\u00e1n:\u00a0<\/b>272<\/span><\/p>\n<p><span style=\"color: #000000;\"><b>V\u00e4zba:\u00a0<\/b>Bro\u017eovan\u00e1 bez p\u0159ebalu leskl\u00e1<\/span><\/p>\n<p><span style=\"color: #000000;\"><b>D\u00e1tum posledn\u00e9ho doplnenia:\u00a0<\/b>10. 12. 2020<\/span><\/p>\n<p><span style=\"color: #000000;\"><b>Po\u0159ad\u00ed vyd\u00e1n\u00ed:\u00a0<\/b>1<\/span><\/p>","protected":false},"featured_media":136,"comment_status":"open","ping_status":"closed","template":"","meta":{"_monsterinsights_skip_tracking":false,"_monsterinsights_sitenote_active":false,"_monsterinsights_sitenote_note":"","_monsterinsights_sitenote_category":0},"product_brand":[],"product_cat":[81],"product_tag":[83],"class_list":{"0":"post-135","1":"product","2":"type-product","3":"status-publish","4":"has-post-thumbnail","6":"product_cat-knihy","7":"product_tag-kniha","9":"first","10":"outofstock","11":"shipping-taxable","12":"purchasable","13":"product-type-simple"},"yoast_head":"<!-- This site is optimized with the Yoast SEO plugin v26.8 - https:\/\/yoast.com\/product\/yoast-seo-wordpress\/ -->\n<title>Emo\u010dn\u00ed s\u00edla kr\u00e1sn\u00fdch zvuk\u016f - SHOP - Slovensk\u00e1 dychov\u00e1 hudba<\/title>\n<meta name=\"robots\" content=\"index, follow, max-snippet:-1, max-image-preview:large, max-video-preview:-1\" \/>\n<link rel=\"canonical\" href=\"https:\/\/shop.dychovahudba.sk\/en\/product\/emocni-sila-krasnych-zvuku\/\" \/>\n<meta property=\"og:locale\" content=\"en_US\" \/>\n<meta property=\"og:type\" content=\"article\" \/>\n<meta property=\"og:title\" content=\"Emo\u010dn\u00ed s\u00edla kr\u00e1sn\u00fdch zvuk\u016f\" \/>\n<meta property=\"og:description\" content=\"ISBN:\u00a0978-80-7554-162-8  Druh sortimentu:\u00a0Kniha  Po\u0159ad\u00ed vyd\u00e1n\u00ed:\u00a01  Form\u00e1t:\u00a0145 x 205 x 15  V\u00e1ha:\u00a00,32  Po\u010det str\u00e1n:\u00a0272  V\u00e4zba:\u00a0Bro\u017eovan\u00e1 bez p\u0159ebalu leskl\u00e1  D\u00e1tum posledn\u00e9ho doplnenia:\u00a010. 12. 2020  Po\u0159ad\u00ed vyd\u00e1n\u00ed:\u00a01\" \/>\n<meta property=\"og:url\" content=\"https:\/\/shop.dychovahudba.sk\/en\/product\/emocni-sila-krasnych-zvuku\/\" \/>\n<meta property=\"og:site_name\" content=\"SHOP - Slovensk\u00e1 dychov\u00e1 hudba\" \/>\n<meta property=\"article:modified_time\" content=\"2026-01-26T08:37:08+00:00\" \/>\n<meta property=\"og:image\" content=\"https:\/\/shop.dychovahudba.sk\/wp-content\/uploads\/2021\/01\/Emocni-sila-krasnych-zvuku.jpg\" \/>\n\t<meta property=\"og:image:width\" content=\"718\" \/>\n\t<meta property=\"og:image:height\" content=\"1024\" \/>\n\t<meta property=\"og:image:type\" content=\"image\/jpeg\" \/>\n<meta name=\"twitter:card\" content=\"summary_large_image\" \/>\n<meta name=\"twitter:label1\" content=\"Est. reading time\" \/>\n\t<meta name=\"twitter:data1\" content=\"1 minute\" \/>\n<script type=\"application\/ld+json\" class=\"yoast-schema-graph\">{\"@context\":\"https:\/\/schema.org\",\"@graph\":[{\"@type\":\"WebPage\",\"@id\":\"https:\/\/shop.dychovahudba.sk\/produkt\/emocni-sila-krasnych-zvuku\/\",\"url\":\"https:\/\/shop.dychovahudba.sk\/produkt\/emocni-sila-krasnych-zvuku\/\",\"name\":\"Emo\u010dn\u00ed s\u00edla kr\u00e1sn\u00fdch zvuk\u016f - SHOP - Slovensk\u00e1 dychov\u00e1 hudba\",\"isPartOf\":{\"@id\":\"https:\/\/shop.dychovahudba.sk\/#website\"},\"primaryImageOfPage\":{\"@id\":\"https:\/\/shop.dychovahudba.sk\/produkt\/emocni-sila-krasnych-zvuku\/#primaryimage\"},\"image\":{\"@id\":\"https:\/\/shop.dychovahudba.sk\/produkt\/emocni-sila-krasnych-zvuku\/#primaryimage\"},\"thumbnailUrl\":\"https:\/\/shop.dychovahudba.sk\/wp-content\/uploads\/2021\/01\/Emocni-sila-krasnych-zvuku.jpg\",\"datePublished\":\"2021-01-21T13:44:43+00:00\",\"dateModified\":\"2026-01-26T08:37:08+00:00\",\"breadcrumb\":{\"@id\":\"https:\/\/shop.dychovahudba.sk\/produkt\/emocni-sila-krasnych-zvuku\/#breadcrumb\"},\"inLanguage\":\"en-US\",\"potentialAction\":[{\"@type\":\"ReadAction\",\"target\":[\"https:\/\/shop.dychovahudba.sk\/produkt\/emocni-sila-krasnych-zvuku\/\"]}]},{\"@type\":\"ImageObject\",\"inLanguage\":\"en-US\",\"@id\":\"https:\/\/shop.dychovahudba.sk\/produkt\/emocni-sila-krasnych-zvuku\/#primaryimage\",\"url\":\"https:\/\/shop.dychovahudba.sk\/wp-content\/uploads\/2021\/01\/Emocni-sila-krasnych-zvuku.jpg\",\"contentUrl\":\"https:\/\/shop.dychovahudba.sk\/wp-content\/uploads\/2021\/01\/Emocni-sila-krasnych-zvuku.jpg\",\"width\":718,\"height\":1024},{\"@type\":\"BreadcrumbList\",\"@id\":\"https:\/\/shop.dychovahudba.sk\/produkt\/emocni-sila-krasnych-zvuku\/#breadcrumb\",\"itemListElement\":[{\"@type\":\"ListItem\",\"position\":1,\"name\":\"Home\",\"item\":\"https:\/\/shop.dychovahudba.sk\/\"},{\"@type\":\"ListItem\",\"position\":2,\"name\":\"Obchod\",\"item\":\"https:\/\/shop.dychovahudba.sk\/\"},{\"@type\":\"ListItem\",\"position\":3,\"name\":\"Emo\u010dn\u00ed s\u00edla kr\u00e1sn\u00fdch zvuk\u016f\"}]},{\"@type\":\"WebSite\",\"@id\":\"https:\/\/shop.dychovahudba.sk\/#website\",\"url\":\"https:\/\/shop.dychovahudba.sk\/\",\"name\":\"SHOP - Slovensk\u00e1 dychov\u00e1 hudba\",\"description\":\"Knihy-Noty-CD-DVD-Merch-Hudobn\u00e9 n\u00e1stroje\",\"potentialAction\":[{\"@type\":\"SearchAction\",\"target\":{\"@type\":\"EntryPoint\",\"urlTemplate\":\"https:\/\/shop.dychovahudba.sk\/?s={search_term_string}\"},\"query-input\":{\"@type\":\"PropertyValueSpecification\",\"valueRequired\":true,\"valueName\":\"search_term_string\"}}],\"inLanguage\":\"en-US\"}]}<\/script>\n<!-- \/ Yoast SEO plugin. -->","yoast_head_json":{"title":"Emo\u010dn\u00ed s\u00edla kr\u00e1sn\u00fdch zvuk\u016f - SHOP - Slovensk\u00e1 dychov\u00e1 hudba","robots":{"index":"index","follow":"follow","max-snippet":"max-snippet:-1","max-image-preview":"max-image-preview:large","max-video-preview":"max-video-preview:-1"},"canonical":"https:\/\/shop.dychovahudba.sk\/en\/product\/emocni-sila-krasnych-zvuku\/","og_locale":"en_US","og_type":"article","og_title":"Emo\u010dn\u00ed s\u00edla kr\u00e1sn\u00fdch zvuk\u016f","og_description":"ISBN:\u00a0978-80-7554-162-8  Druh sortimentu:\u00a0Kniha  Po\u0159ad\u00ed vyd\u00e1n\u00ed:\u00a01  Form\u00e1t:\u00a0145 x 205 x 15  V\u00e1ha:\u00a00,32  Po\u010det str\u00e1n:\u00a0272  V\u00e4zba:\u00a0Bro\u017eovan\u00e1 bez p\u0159ebalu leskl\u00e1  D\u00e1tum posledn\u00e9ho doplnenia:\u00a010. 12. 2020  Po\u0159ad\u00ed vyd\u00e1n\u00ed:\u00a01","og_url":"https:\/\/shop.dychovahudba.sk\/en\/product\/emocni-sila-krasnych-zvuku\/","og_site_name":"SHOP - Slovensk\u00e1 dychov\u00e1 hudba","article_modified_time":"2026-01-26T08:37:08+00:00","og_image":[{"width":718,"height":1024,"url":"https:\/\/shop.dychovahudba.sk\/wp-content\/uploads\/2021\/01\/Emocni-sila-krasnych-zvuku.jpg","type":"image\/jpeg"}],"twitter_card":"summary_large_image","twitter_misc":{"Est. reading time":"1 minute"},"schema":{"@context":"https:\/\/schema.org","@graph":[{"@type":"WebPage","@id":"https:\/\/shop.dychovahudba.sk\/produkt\/emocni-sila-krasnych-zvuku\/","url":"https:\/\/shop.dychovahudba.sk\/produkt\/emocni-sila-krasnych-zvuku\/","name":"Emo\u010dn\u00ed s\u00edla kr\u00e1sn\u00fdch zvuk\u016f - SHOP - Slovensk\u00e1 dychov\u00e1 hudba","isPartOf":{"@id":"https:\/\/shop.dychovahudba.sk\/#website"},"primaryImageOfPage":{"@id":"https:\/\/shop.dychovahudba.sk\/produkt\/emocni-sila-krasnych-zvuku\/#primaryimage"},"image":{"@id":"https:\/\/shop.dychovahudba.sk\/produkt\/emocni-sila-krasnych-zvuku\/#primaryimage"},"thumbnailUrl":"https:\/\/shop.dychovahudba.sk\/wp-content\/uploads\/2021\/01\/Emocni-sila-krasnych-zvuku.jpg","datePublished":"2021-01-21T13:44:43+00:00","dateModified":"2026-01-26T08:37:08+00:00","breadcrumb":{"@id":"https:\/\/shop.dychovahudba.sk\/produkt\/emocni-sila-krasnych-zvuku\/#breadcrumb"},"inLanguage":"en-US","potentialAction":[{"@type":"ReadAction","target":["https:\/\/shop.dychovahudba.sk\/produkt\/emocni-sila-krasnych-zvuku\/"]}]},{"@type":"ImageObject","inLanguage":"en-US","@id":"https:\/\/shop.dychovahudba.sk\/produkt\/emocni-sila-krasnych-zvuku\/#primaryimage","url":"https:\/\/shop.dychovahudba.sk\/wp-content\/uploads\/2021\/01\/Emocni-sila-krasnych-zvuku.jpg","contentUrl":"https:\/\/shop.dychovahudba.sk\/wp-content\/uploads\/2021\/01\/Emocni-sila-krasnych-zvuku.jpg","width":718,"height":1024},{"@type":"BreadcrumbList","@id":"https:\/\/shop.dychovahudba.sk\/produkt\/emocni-sila-krasnych-zvuku\/#breadcrumb","itemListElement":[{"@type":"ListItem","position":1,"name":"Home","item":"https:\/\/shop.dychovahudba.sk\/"},{"@type":"ListItem","position":2,"name":"Obchod","item":"https:\/\/shop.dychovahudba.sk\/"},{"@type":"ListItem","position":3,"name":"Emo\u010dn\u00ed s\u00edla kr\u00e1sn\u00fdch zvuk\u016f"}]},{"@type":"WebSite","@id":"https:\/\/shop.dychovahudba.sk\/#website","url":"https:\/\/shop.dychovahudba.sk\/","name":"SHOP - Slovensk\u00e1 dychov\u00e1 hudba","description":"Knihy-Noty-CD-DVD-Merch-Hudobn\u00e9 n\u00e1stroje","potentialAction":[{"@type":"SearchAction","target":{"@type":"EntryPoint","urlTemplate":"https:\/\/shop.dychovahudba.sk\/?s={search_term_string}"},"query-input":{"@type":"PropertyValueSpecification","valueRequired":true,"valueName":"search_term_string"}}],"inLanguage":"en-US"}]}},"_links":{"self":[{"href":"https:\/\/shop.dychovahudba.sk\/en\/wp-json\/wp\/v2\/product\/135","targetHints":{"allow":["GET"]}}],"collection":[{"href":"https:\/\/shop.dychovahudba.sk\/en\/wp-json\/wp\/v2\/product"}],"about":[{"href":"https:\/\/shop.dychovahudba.sk\/en\/wp-json\/wp\/v2\/types\/product"}],"replies":[{"embeddable":true,"href":"https:\/\/shop.dychovahudba.sk\/en\/wp-json\/wp\/v2\/comments?post=135"}],"wp:featuredmedia":[{"embeddable":true,"href":"https:\/\/shop.dychovahudba.sk\/en\/wp-json\/wp\/v2\/media\/136"}],"wp:attachment":[{"href":"https:\/\/shop.dychovahudba.sk\/en\/wp-json\/wp\/v2\/media?parent=135"}],"wp:term":[{"taxonomy":"product_brand","embeddable":true,"href":"https:\/\/shop.dychovahudba.sk\/en\/wp-json\/wp\/v2\/product_brand?post=135"},{"taxonomy":"product_cat","embeddable":true,"href":"https:\/\/shop.dychovahudba.sk\/en\/wp-json\/wp\/v2\/product_cat?post=135"},{"taxonomy":"product_tag","embeddable":true,"href":"https:\/\/shop.dychovahudba.sk\/en\/wp-json\/wp\/v2\/product_tag?post=135"}],"curies":[{"name":"wp","href":"https:\/\/api.w.org\/{rel}","templated":true}]}}