{"id":151,"date":"2021-01-21T21:47:30","date_gmt":"2021-01-21T20:47:30","guid":{"rendered":"https:\/\/shop.dychovahudba.sk\/?post_type=product&#038;p=151"},"modified":"2026-01-26T09:37:08","modified_gmt":"2026-01-26T08:37:08","slug":"freddie-mercury-ilustrovany-zivotopis","status":"publish","type":"product","link":"https:\/\/shop.dychovahudba.sk\/en\/product\/freddie-mercury-ilustrovany-zivotopis\/","title":{"rendered":"Freddie Mercury: Ilustrovan\u00fd \u017eivotopis"},"content":{"rendered":"<p><span style=\"color: #000000;\"><q><strong>\u017divotn\u00ed p\u0159\u00edb\u011bh Freddieho Mercuryho dopln\u011bn\u00fd o jedine\u010dn\u00e9 ilustrace<\/strong><\/q><\/span><\/p>\n<hr \/>\n<p class=\"details-description-text\"><span style=\"color: #000000;\">Kdo z n\u00e1s si n\u011bkdy v \u017eivot\u011b nezazp\u00edval \u201eWe Are the Champions\u201c? Koho nevt\u00e1hly proc\u00edt\u011bn\u00e9 t\u00f3ny a propracovan\u00e1 r\u016fznorodost \u201eBohemian Rhapsody\u201c? Skupina Queen zas\u00e1hla do \u017eivota n\u011bkolika generac\u00ed a doslova prom\u011bnila tv\u00e1\u0159 popul\u00e1rn\u00ed hudby. N\u00e1padit\u011b ilustrovan\u00e1 biografie v\u00e1s provede \u017eivotem frontmana Freddiho Mercuryho od jeho narozen\u00ed na Zanzibaru, p\u0159es sv\u011btov\u00e1 p\u00f3dia a nespoutan\u00e9 ve\u010d\u00edrky a\u017e po boj s tehdy je\u0161t\u011b nezn\u00e1mou nemoc\u00ed AIDS.<\/span><\/p>","protected":false},"excerpt":{"rendered":"<table class=\"product-detail-list\">\n<tbody>\n<tr>\n<td><span style=\"color: #000000;\">EAN<\/span><\/td>\n<td><span style=\"color: #000000;\">9788026427742<\/span><\/td>\n<\/tr>\n<tr>\n<td><span style=\"color: #000000;\">D\u00e1tum vydania<\/span><\/td>\n<td><span style=\"color: #000000;\">14.10.2019<\/span><\/td>\n<\/tr>\n<tr>\n<td><span style=\"color: #000000;\">V\u00e4zba<\/span><\/td>\n<td><span style=\"color: #000000;\">viazan\u00e1 s laminovan\u00fdm po\u0165ahom<\/span><\/td>\n<\/tr>\n<tr>\n<td><span style=\"color: #000000;\">Jazyk<\/span><\/td>\n<td><span style=\"color: #000000;\">\u010de\u0161tina<\/span><\/td>\n<\/tr>\n<tr>\n<td><span style=\"color: #000000;\">Typ<\/span><\/td>\n<td><span style=\"color: #000000;\">kniha<\/span><\/td>\n<\/tr>\n<tr>\n<td><span style=\"color: #000000;\">Vek od<\/span><\/td>\n<td><span class=\"text-nowrap\" style=\"color: #000000;\">15<\/span><\/td>\n<\/tr>\n<\/tbody>\n<\/table>","protected":false},"featured_media":152,"comment_status":"open","ping_status":"closed","template":"","meta":{"_monsterinsights_skip_tracking":false,"_monsterinsights_sitenote_active":false,"_monsterinsights_sitenote_note":"","_monsterinsights_sitenote_category":0},"product_brand":[],"product_cat":[81],"product_tag":[87],"class_list":{"0":"post-151","1":"product","2":"type-product","3":"status-publish","4":"has-post-thumbnail","6":"product_cat-knihy","7":"product_tag-zivotopis","9":"first","10":"outofstock","11":"shipping-taxable","12":"purchasable","13":"product-type-simple"},"yoast_head":"<!-- This site is optimized with the Yoast SEO plugin v26.8 - https:\/\/yoast.com\/product\/yoast-seo-wordpress\/ -->\n<title>Freddie Mercury: Ilustrovan\u00fd \u017eivotopis - SHOP - Slovensk\u00e1 dychov\u00e1 hudba<\/title>\n<meta name=\"robots\" content=\"index, follow, max-snippet:-1, max-image-preview:large, max-video-preview:-1\" \/>\n<link rel=\"canonical\" href=\"https:\/\/shop.dychovahudba.sk\/en\/product\/freddie-mercury-ilustrovany-zivotopis\/\" \/>\n<meta property=\"og:locale\" content=\"en_US\" \/>\n<meta property=\"og:type\" content=\"article\" \/>\n<meta property=\"og:title\" content=\"Freddie Mercury: Ilustrovan\u00fd \u017eivotopis\" \/>\n<meta property=\"og:description\" content=\"EAN 9788026427742   D\u00e1tum vydania 14.10.2019   V\u00e4zba viazan\u00e1 s laminovan\u00fdm po\u0165ahom   Jazyk \u010de\u0161tina   Typ kniha   Vek od 15\" \/>\n<meta property=\"og:url\" content=\"https:\/\/shop.dychovahudba.sk\/en\/product\/freddie-mercury-ilustrovany-zivotopis\/\" \/>\n<meta property=\"og:site_name\" content=\"SHOP - Slovensk\u00e1 dychov\u00e1 hudba\" \/>\n<meta property=\"article:modified_time\" content=\"2026-01-26T08:37:08+00:00\" \/>\n<meta property=\"og:image\" content=\"https:\/\/shop.dychovahudba.sk\/wp-content\/uploads\/2021\/01\/Freddie-Mercury-lustrovany-zivotopis.jpg\" \/>\n\t<meta property=\"og:image:width\" content=\"2039\" \/>\n\t<meta property=\"og:image:height\" content=\"2551\" \/>\n\t<meta property=\"og:image:type\" content=\"image\/jpeg\" \/>\n<meta name=\"twitter:card\" content=\"summary_large_image\" \/>\n<meta name=\"twitter:label1\" content=\"Est. reading time\" \/>\n\t<meta name=\"twitter:data1\" content=\"1 minute\" \/>\n<script type=\"application\/ld+json\" class=\"yoast-schema-graph\">{\"@context\":\"https:\/\/schema.org\",\"@graph\":[{\"@type\":\"WebPage\",\"@id\":\"https:\/\/shop.dychovahudba.sk\/produkt\/freddie-mercury-ilustrovany-zivotopis\/\",\"url\":\"https:\/\/shop.dychovahudba.sk\/produkt\/freddie-mercury-ilustrovany-zivotopis\/\",\"name\":\"Freddie Mercury: Ilustrovan\u00fd \u017eivotopis - SHOP - Slovensk\u00e1 dychov\u00e1 hudba\",\"isPartOf\":{\"@id\":\"https:\/\/shop.dychovahudba.sk\/#website\"},\"primaryImageOfPage\":{\"@id\":\"https:\/\/shop.dychovahudba.sk\/produkt\/freddie-mercury-ilustrovany-zivotopis\/#primaryimage\"},\"image\":{\"@id\":\"https:\/\/shop.dychovahudba.sk\/produkt\/freddie-mercury-ilustrovany-zivotopis\/#primaryimage\"},\"thumbnailUrl\":\"https:\/\/shop.dychovahudba.sk\/wp-content\/uploads\/2021\/01\/Freddie-Mercury-lustrovany-zivotopis.jpg\",\"datePublished\":\"2021-01-21T20:47:30+00:00\",\"dateModified\":\"2026-01-26T08:37:08+00:00\",\"breadcrumb\":{\"@id\":\"https:\/\/shop.dychovahudba.sk\/produkt\/freddie-mercury-ilustrovany-zivotopis\/#breadcrumb\"},\"inLanguage\":\"en-US\",\"potentialAction\":[{\"@type\":\"ReadAction\",\"target\":[\"https:\/\/shop.dychovahudba.sk\/produkt\/freddie-mercury-ilustrovany-zivotopis\/\"]}]},{\"@type\":\"ImageObject\",\"inLanguage\":\"en-US\",\"@id\":\"https:\/\/shop.dychovahudba.sk\/produkt\/freddie-mercury-ilustrovany-zivotopis\/#primaryimage\",\"url\":\"https:\/\/shop.dychovahudba.sk\/wp-content\/uploads\/2021\/01\/Freddie-Mercury-lustrovany-zivotopis.jpg\",\"contentUrl\":\"https:\/\/shop.dychovahudba.sk\/wp-content\/uploads\/2021\/01\/Freddie-Mercury-lustrovany-zivotopis.jpg\",\"width\":2039,\"height\":2551},{\"@type\":\"BreadcrumbList\",\"@id\":\"https:\/\/shop.dychovahudba.sk\/produkt\/freddie-mercury-ilustrovany-zivotopis\/#breadcrumb\",\"itemListElement\":[{\"@type\":\"ListItem\",\"position\":1,\"name\":\"Home\",\"item\":\"https:\/\/shop.dychovahudba.sk\/\"},{\"@type\":\"ListItem\",\"position\":2,\"name\":\"Obchod\",\"item\":\"https:\/\/shop.dychovahudba.sk\/\"},{\"@type\":\"ListItem\",\"position\":3,\"name\":\"Freddie Mercury: Ilustrovan\u00fd \u017eivotopis\"}]},{\"@type\":\"WebSite\",\"@id\":\"https:\/\/shop.dychovahudba.sk\/#website\",\"url\":\"https:\/\/shop.dychovahudba.sk\/\",\"name\":\"SHOP - Slovensk\u00e1 dychov\u00e1 hudba\",\"description\":\"Knihy-Noty-CD-DVD-Merch-Hudobn\u00e9 n\u00e1stroje\",\"potentialAction\":[{\"@type\":\"SearchAction\",\"target\":{\"@type\":\"EntryPoint\",\"urlTemplate\":\"https:\/\/shop.dychovahudba.sk\/?s={search_term_string}\"},\"query-input\":{\"@type\":\"PropertyValueSpecification\",\"valueRequired\":true,\"valueName\":\"search_term_string\"}}],\"inLanguage\":\"en-US\"}]}<\/script>\n<!-- \/ Yoast SEO plugin. -->","yoast_head_json":{"title":"Freddie Mercury: Ilustrovan\u00fd \u017eivotopis - SHOP - Slovensk\u00e1 dychov\u00e1 hudba","robots":{"index":"index","follow":"follow","max-snippet":"max-snippet:-1","max-image-preview":"max-image-preview:large","max-video-preview":"max-video-preview:-1"},"canonical":"https:\/\/shop.dychovahudba.sk\/en\/product\/freddie-mercury-ilustrovany-zivotopis\/","og_locale":"en_US","og_type":"article","og_title":"Freddie Mercury: Ilustrovan\u00fd \u017eivotopis","og_description":"EAN 9788026427742   D\u00e1tum vydania 14.10.2019   V\u00e4zba viazan\u00e1 s laminovan\u00fdm po\u0165ahom   Jazyk \u010de\u0161tina   Typ kniha   Vek od 15","og_url":"https:\/\/shop.dychovahudba.sk\/en\/product\/freddie-mercury-ilustrovany-zivotopis\/","og_site_name":"SHOP - Slovensk\u00e1 dychov\u00e1 hudba","article_modified_time":"2026-01-26T08:37:08+00:00","og_image":[{"width":2039,"height":2551,"url":"https:\/\/shop.dychovahudba.sk\/wp-content\/uploads\/2021\/01\/Freddie-Mercury-lustrovany-zivotopis.jpg","type":"image\/jpeg"}],"twitter_card":"summary_large_image","twitter_misc":{"Est. reading time":"1 minute"},"schema":{"@context":"https:\/\/schema.org","@graph":[{"@type":"WebPage","@id":"https:\/\/shop.dychovahudba.sk\/produkt\/freddie-mercury-ilustrovany-zivotopis\/","url":"https:\/\/shop.dychovahudba.sk\/produkt\/freddie-mercury-ilustrovany-zivotopis\/","name":"Freddie Mercury: Ilustrovan\u00fd \u017eivotopis - SHOP - Slovensk\u00e1 dychov\u00e1 hudba","isPartOf":{"@id":"https:\/\/shop.dychovahudba.sk\/#website"},"primaryImageOfPage":{"@id":"https:\/\/shop.dychovahudba.sk\/produkt\/freddie-mercury-ilustrovany-zivotopis\/#primaryimage"},"image":{"@id":"https:\/\/shop.dychovahudba.sk\/produkt\/freddie-mercury-ilustrovany-zivotopis\/#primaryimage"},"thumbnailUrl":"https:\/\/shop.dychovahudba.sk\/wp-content\/uploads\/2021\/01\/Freddie-Mercury-lustrovany-zivotopis.jpg","datePublished":"2021-01-21T20:47:30+00:00","dateModified":"2026-01-26T08:37:08+00:00","breadcrumb":{"@id":"https:\/\/shop.dychovahudba.sk\/produkt\/freddie-mercury-ilustrovany-zivotopis\/#breadcrumb"},"inLanguage":"en-US","potentialAction":[{"@type":"ReadAction","target":["https:\/\/shop.dychovahudba.sk\/produkt\/freddie-mercury-ilustrovany-zivotopis\/"]}]},{"@type":"ImageObject","inLanguage":"en-US","@id":"https:\/\/shop.dychovahudba.sk\/produkt\/freddie-mercury-ilustrovany-zivotopis\/#primaryimage","url":"https:\/\/shop.dychovahudba.sk\/wp-content\/uploads\/2021\/01\/Freddie-Mercury-lustrovany-zivotopis.jpg","contentUrl":"https:\/\/shop.dychovahudba.sk\/wp-content\/uploads\/2021\/01\/Freddie-Mercury-lustrovany-zivotopis.jpg","width":2039,"height":2551},{"@type":"BreadcrumbList","@id":"https:\/\/shop.dychovahudba.sk\/produkt\/freddie-mercury-ilustrovany-zivotopis\/#breadcrumb","itemListElement":[{"@type":"ListItem","position":1,"name":"Home","item":"https:\/\/shop.dychovahudba.sk\/"},{"@type":"ListItem","position":2,"name":"Obchod","item":"https:\/\/shop.dychovahudba.sk\/"},{"@type":"ListItem","position":3,"name":"Freddie Mercury: Ilustrovan\u00fd \u017eivotopis"}]},{"@type":"WebSite","@id":"https:\/\/shop.dychovahudba.sk\/#website","url":"https:\/\/shop.dychovahudba.sk\/","name":"SHOP - Slovensk\u00e1 dychov\u00e1 hudba","description":"Knihy-Noty-CD-DVD-Merch-Hudobn\u00e9 n\u00e1stroje","potentialAction":[{"@type":"SearchAction","target":{"@type":"EntryPoint","urlTemplate":"https:\/\/shop.dychovahudba.sk\/?s={search_term_string}"},"query-input":{"@type":"PropertyValueSpecification","valueRequired":true,"valueName":"search_term_string"}}],"inLanguage":"en-US"}]}},"_links":{"self":[{"href":"https:\/\/shop.dychovahudba.sk\/en\/wp-json\/wp\/v2\/product\/151","targetHints":{"allow":["GET"]}}],"collection":[{"href":"https:\/\/shop.dychovahudba.sk\/en\/wp-json\/wp\/v2\/product"}],"about":[{"href":"https:\/\/shop.dychovahudba.sk\/en\/wp-json\/wp\/v2\/types\/product"}],"replies":[{"embeddable":true,"href":"https:\/\/shop.dychovahudba.sk\/en\/wp-json\/wp\/v2\/comments?post=151"}],"wp:featuredmedia":[{"embeddable":true,"href":"https:\/\/shop.dychovahudba.sk\/en\/wp-json\/wp\/v2\/media\/152"}],"wp:attachment":[{"href":"https:\/\/shop.dychovahudba.sk\/en\/wp-json\/wp\/v2\/media?parent=151"}],"wp:term":[{"taxonomy":"product_brand","embeddable":true,"href":"https:\/\/shop.dychovahudba.sk\/en\/wp-json\/wp\/v2\/product_brand?post=151"},{"taxonomy":"product_cat","embeddable":true,"href":"https:\/\/shop.dychovahudba.sk\/en\/wp-json\/wp\/v2\/product_cat?post=151"},{"taxonomy":"product_tag","embeddable":true,"href":"https:\/\/shop.dychovahudba.sk\/en\/wp-json\/wp\/v2\/product_tag?post=151"}],"curies":[{"name":"wp","href":"https:\/\/api.w.org\/{rel}","templated":true}]}}