{"id":178,"date":"2021-01-21T22:08:33","date_gmt":"2021-01-21T21:08:33","guid":{"rendered":"https:\/\/shop.dychovahudba.sk\/?post_type=product&#038;p=178"},"modified":"2026-01-26T09:37:08","modified_gmt":"2026-01-26T08:37:08","slug":"karel-gott-ilustrovany-zivotopis-jiri-zak-matej-pospisil","status":"publish","type":"product","link":"https:\/\/shop.dychovahudba.sk\/en\/product\/karel-gott-ilustrovany-zivotopis-jiri-zak-matej-pospisil\/","title":{"rendered":"Karel Gott: ilustrovan\u00fd \u017eivotopis &#8211; Ji\u0159\u00ed \u017d\u00e1k, Mat\u011bj Posp\u00ed\u0161il"},"content":{"rendered":"<p><span style=\"color: #000000;\">Nebylo, nen\u00ed a asi nikdy ani nebude slavn\u011bj\u0161\u00edho \u010desk\u00e9ho zp\u011bv\u00e1ka, ne\u017e je Karel Gott. Tato kniha ov\u0161em p\u0159edstavuje bo\u017esk\u00e9ho Karla \u00fapln\u011b jinak. Jeho \u017eivot v obrazech a jako jeden fantastick\u00fd p\u0159\u00edb\u011bh. P\u0159ipome\u0148te si jeho za\u010d\u00e1tky v Semaforu, nejlep\u0161\u00ed hity, slavn\u00e9 kolegy i v\u0161echny zp\u011bv\u00e1kovy \u017eeny\u2026 Vra\u0165te se s n\u00edm do uvoln\u011bn\u00fdch \u0161edes\u00e1tek, normalizovan\u00fdch sedmdes\u00e1tek, barevn\u00fdch osmdes\u00e1tek i svobodn\u00fdch devades\u00e1t\u00fdch let a pro\u017eijte sv\u016fj \u017eivot s Gottem je\u0161t\u011b jednou!<\/span><\/p>","protected":false},"excerpt":{"rendered":"<p><span style=\"color: #000000;\"><q><strong>Na z\u00e1v\u011br ka\u017ed\u00e9 skladby a p\u00edsn\u011b m\u00e1 zazn\u00edt akord&#8230;<\/strong><\/q><\/span><\/p>\n<table class=\"product-detail-list\">\n<tbody>\n<tr>\n<td><span style=\"color: #000000;\">EAN<\/span><\/td>\n<td><span style=\"color: #000000;\">9788075977816<\/span><\/td>\n<\/tr>\n<tr>\n<td><span style=\"color: #000000;\">D\u00e1tum vydania<\/span><\/td>\n<td><span style=\"color: #000000;\">15.10.2020<\/span><\/td>\n<\/tr>\n<tr>\n<td><span style=\"color: #000000;\">V\u00e4zba<\/span><\/td>\n<td><span style=\"color: #000000;\">viazan\u00e1 s laminovan\u00fdm po\u0165ahom<\/span><\/td>\n<\/tr>\n<tr>\n<td><span style=\"color: #000000;\">Jazyk<\/span><\/td>\n<td><span style=\"color: #000000;\">\u010de\u0161tina<\/span><\/td>\n<\/tr>\n<tr>\n<td><span style=\"color: #000000;\">Typ<\/span><\/td>\n<td><span style=\"color: #000000;\">kniha<\/span><\/td>\n<\/tr>\n<tr>\n<td><span style=\"color: #000000;\">Vek od<\/span><\/td>\n<td><span class=\"text-nowrap\" style=\"color: #000000;\">12<\/span><\/td>\n<\/tr>\n<\/tbody>\n<\/table>","protected":false},"featured_media":179,"comment_status":"open","ping_status":"closed","template":"","meta":{"_monsterinsights_skip_tracking":false,"_monsterinsights_sitenote_active":false,"_monsterinsights_sitenote_note":"","_monsterinsights_sitenote_category":0},"product_brand":[],"product_cat":[81],"product_tag":[90,83,87],"class_list":{"0":"post-178","1":"product","2":"type-product","3":"status-publish","4":"has-post-thumbnail","6":"product_cat-knihy","7":"product_tag-karel-gott","8":"product_tag-kniha","9":"product_tag-zivotopis","11":"first","12":"outofstock","13":"shipping-taxable","14":"purchasable","15":"product-type-simple"},"yoast_head":"<!-- This site is optimized with the Yoast SEO plugin v26.8 - https:\/\/yoast.com\/product\/yoast-seo-wordpress\/ -->\n<title>Karel Gott: ilustrovan\u00fd \u017eivotopis - Ji\u0159\u00ed \u017d\u00e1k, Mat\u011bj Posp\u00ed\u0161il -<\/title>\n<meta name=\"description\" content=\"Nebylo, nen\u00ed a asi nikdy ani nebude slavn\u011bj\u0161\u00edho \u010desk\u00e9ho zp\u011bv\u00e1ka, ne\u017e je Karel Gott. Tato kniha ov\u0161em p\u0159edstavuje bo\u017esk\u00e9ho Karla \u00fapln\u011b jinak.\" \/>\n<meta name=\"robots\" content=\"index, follow, max-snippet:-1, max-image-preview:large, max-video-preview:-1\" \/>\n<link rel=\"canonical\" href=\"https:\/\/shop.dychovahudba.sk\/en\/product\/karel-gott-ilustrovany-zivotopis-jiri-zak-matej-pospisil\/\" \/>\n<meta property=\"og:locale\" content=\"en_US\" \/>\n<meta property=\"og:type\" content=\"article\" \/>\n<meta property=\"og:title\" content=\"Karel Gott: ilustrovan\u00fd \u017eivotopis - Ji\u0159\u00ed \u017d\u00e1k, Mat\u011bj Posp\u00ed\u0161il\" \/>\n<meta property=\"og:description\" content=\"Nebylo, nen\u00ed a asi nikdy ani nebude slavn\u011bj\u0161\u00edho \u010desk\u00e9ho zp\u011bv\u00e1ka, ne\u017e je Karel Gott. Tato kniha ov\u0161em p\u0159edstavuje bo\u017esk\u00e9ho Karla \u00fapln\u011b jinak. Jeho \u017eivot v obrazech a jako jeden fantastick\u00fd p\u0159\u00edb\u011bh. P\u0159ipome\u0148te si jeho za\u010d\u00e1tky v Semaforu, nejlep\u0161\u00ed hity, slavn\u00e9 kolegy i v\u0161echny zp\u011bv\u00e1kovy \u017eeny\u2026 Vra\u0165te se s n\u00edm do uvoln\u011bn\u00fdch \u0161edes\u00e1tek, normalizovan\u00fdch sedmdes\u00e1tek, barevn\u00fdch osmdes\u00e1tek i svobodn\u00fdch devades\u00e1t\u00fdch let a pro\u017eijte sv\u016fj \u017eivot s Gottem je\u0161t\u011b jednou!\" \/>\n<meta property=\"og:url\" content=\"https:\/\/shop.dychovahudba.sk\/en\/product\/karel-gott-ilustrovany-zivotopis-jiri-zak-matej-pospisil\/\" \/>\n<meta property=\"og:site_name\" content=\"SHOP - Slovensk\u00e1 dychov\u00e1 hudba\" \/>\n<meta property=\"article:modified_time\" content=\"2026-01-26T08:37:08+00:00\" \/>\n<meta property=\"og:image\" content=\"https:\/\/shop.dychovahudba.sk\/wp-content\/uploads\/2021\/01\/0063226225_gott_velka.jpg\" \/>\n\t<meta property=\"og:image:width\" content=\"1154\" \/>\n\t<meta property=\"og:image:height\" content=\"1697\" \/>\n\t<meta property=\"og:image:type\" content=\"image\/jpeg\" \/>\n<meta name=\"twitter:card\" content=\"summary_large_image\" \/>\n<meta name=\"twitter:label1\" content=\"Est. reading time\" \/>\n\t<meta name=\"twitter:data1\" content=\"1 minute\" \/>\n<script type=\"application\/ld+json\" class=\"yoast-schema-graph\">{\"@context\":\"https:\/\/schema.org\",\"@graph\":[{\"@type\":\"WebPage\",\"@id\":\"https:\/\/shop.dychovahudba.sk\/produkt\/karel-gott-ilustrovany-zivotopis-jiri-zak-matej-pospisil\/\",\"url\":\"https:\/\/shop.dychovahudba.sk\/produkt\/karel-gott-ilustrovany-zivotopis-jiri-zak-matej-pospisil\/\",\"name\":\"Karel Gott: ilustrovan\u00fd \u017eivotopis - Ji\u0159\u00ed \u017d\u00e1k, Mat\u011bj Posp\u00ed\u0161il -\",\"isPartOf\":{\"@id\":\"https:\/\/shop.dychovahudba.sk\/#website\"},\"primaryImageOfPage\":{\"@id\":\"https:\/\/shop.dychovahudba.sk\/produkt\/karel-gott-ilustrovany-zivotopis-jiri-zak-matej-pospisil\/#primaryimage\"},\"image\":{\"@id\":\"https:\/\/shop.dychovahudba.sk\/produkt\/karel-gott-ilustrovany-zivotopis-jiri-zak-matej-pospisil\/#primaryimage\"},\"thumbnailUrl\":\"https:\/\/shop.dychovahudba.sk\/wp-content\/uploads\/2021\/01\/0063226225_gott_velka.jpg\",\"datePublished\":\"2021-01-21T21:08:33+00:00\",\"dateModified\":\"2026-01-26T08:37:08+00:00\",\"description\":\"Nebylo, nen\u00ed a asi nikdy ani nebude slavn\u011bj\u0161\u00edho \u010desk\u00e9ho zp\u011bv\u00e1ka, ne\u017e je Karel Gott. Tato kniha ov\u0161em p\u0159edstavuje bo\u017esk\u00e9ho Karla \u00fapln\u011b jinak.\",\"breadcrumb\":{\"@id\":\"https:\/\/shop.dychovahudba.sk\/produkt\/karel-gott-ilustrovany-zivotopis-jiri-zak-matej-pospisil\/#breadcrumb\"},\"inLanguage\":\"en-US\",\"potentialAction\":[{\"@type\":\"ReadAction\",\"target\":[\"https:\/\/shop.dychovahudba.sk\/produkt\/karel-gott-ilustrovany-zivotopis-jiri-zak-matej-pospisil\/\"]}]},{\"@type\":\"ImageObject\",\"inLanguage\":\"en-US\",\"@id\":\"https:\/\/shop.dychovahudba.sk\/produkt\/karel-gott-ilustrovany-zivotopis-jiri-zak-matej-pospisil\/#primaryimage\",\"url\":\"https:\/\/shop.dychovahudba.sk\/wp-content\/uploads\/2021\/01\/0063226225_gott_velka.jpg\",\"contentUrl\":\"https:\/\/shop.dychovahudba.sk\/wp-content\/uploads\/2021\/01\/0063226225_gott_velka.jpg\",\"width\":1154,\"height\":1697,\"caption\":\"kniha karel gott\"},{\"@type\":\"BreadcrumbList\",\"@id\":\"https:\/\/shop.dychovahudba.sk\/produkt\/karel-gott-ilustrovany-zivotopis-jiri-zak-matej-pospisil\/#breadcrumb\",\"itemListElement\":[{\"@type\":\"ListItem\",\"position\":1,\"name\":\"Home\",\"item\":\"https:\/\/shop.dychovahudba.sk\/\"},{\"@type\":\"ListItem\",\"position\":2,\"name\":\"Obchod\",\"item\":\"https:\/\/shop.dychovahudba.sk\/\"},{\"@type\":\"ListItem\",\"position\":3,\"name\":\"Karel Gott: ilustrovan\u00fd \u017eivotopis &#8211; Ji\u0159\u00ed \u017d\u00e1k, Mat\u011bj Posp\u00ed\u0161il\"}]},{\"@type\":\"WebSite\",\"@id\":\"https:\/\/shop.dychovahudba.sk\/#website\",\"url\":\"https:\/\/shop.dychovahudba.sk\/\",\"name\":\"SHOP - Slovensk\u00e1 dychov\u00e1 hudba\",\"description\":\"Knihy-Noty-CD-DVD-Merch-Hudobn\u00e9 n\u00e1stroje\",\"potentialAction\":[{\"@type\":\"SearchAction\",\"target\":{\"@type\":\"EntryPoint\",\"urlTemplate\":\"https:\/\/shop.dychovahudba.sk\/?s={search_term_string}\"},\"query-input\":{\"@type\":\"PropertyValueSpecification\",\"valueRequired\":true,\"valueName\":\"search_term_string\"}}],\"inLanguage\":\"en-US\"}]}<\/script>\n<!-- \/ Yoast SEO plugin. -->","yoast_head_json":{"title":"Karel Gott: ilustrovan\u00fd \u017eivotopis - Ji\u0159\u00ed \u017d\u00e1k, Mat\u011bj Posp\u00ed\u0161il -","description":"Nebylo, nen\u00ed a asi nikdy ani nebude slavn\u011bj\u0161\u00edho \u010desk\u00e9ho zp\u011bv\u00e1ka, ne\u017e je Karel Gott. Tato kniha ov\u0161em p\u0159edstavuje bo\u017esk\u00e9ho Karla \u00fapln\u011b jinak.","robots":{"index":"index","follow":"follow","max-snippet":"max-snippet:-1","max-image-preview":"max-image-preview:large","max-video-preview":"max-video-preview:-1"},"canonical":"https:\/\/shop.dychovahudba.sk\/en\/product\/karel-gott-ilustrovany-zivotopis-jiri-zak-matej-pospisil\/","og_locale":"en_US","og_type":"article","og_title":"Karel Gott: ilustrovan\u00fd \u017eivotopis - Ji\u0159\u00ed \u017d\u00e1k, Mat\u011bj Posp\u00ed\u0161il","og_description":"Nebylo, nen\u00ed a asi nikdy ani nebude slavn\u011bj\u0161\u00edho \u010desk\u00e9ho zp\u011bv\u00e1ka, ne\u017e je Karel Gott. Tato kniha ov\u0161em p\u0159edstavuje bo\u017esk\u00e9ho Karla \u00fapln\u011b jinak. Jeho \u017eivot v obrazech a jako jeden fantastick\u00fd p\u0159\u00edb\u011bh. P\u0159ipome\u0148te si jeho za\u010d\u00e1tky v Semaforu, nejlep\u0161\u00ed hity, slavn\u00e9 kolegy i v\u0161echny zp\u011bv\u00e1kovy \u017eeny\u2026 Vra\u0165te se s n\u00edm do uvoln\u011bn\u00fdch \u0161edes\u00e1tek, normalizovan\u00fdch sedmdes\u00e1tek, barevn\u00fdch osmdes\u00e1tek i svobodn\u00fdch devades\u00e1t\u00fdch let a pro\u017eijte sv\u016fj \u017eivot s Gottem je\u0161t\u011b jednou!","og_url":"https:\/\/shop.dychovahudba.sk\/en\/product\/karel-gott-ilustrovany-zivotopis-jiri-zak-matej-pospisil\/","og_site_name":"SHOP - Slovensk\u00e1 dychov\u00e1 hudba","article_modified_time":"2026-01-26T08:37:08+00:00","og_image":[{"width":1154,"height":1697,"url":"https:\/\/shop.dychovahudba.sk\/wp-content\/uploads\/2021\/01\/0063226225_gott_velka.jpg","type":"image\/jpeg"}],"twitter_card":"summary_large_image","twitter_misc":{"Est. reading time":"1 minute"},"schema":{"@context":"https:\/\/schema.org","@graph":[{"@type":"WebPage","@id":"https:\/\/shop.dychovahudba.sk\/produkt\/karel-gott-ilustrovany-zivotopis-jiri-zak-matej-pospisil\/","url":"https:\/\/shop.dychovahudba.sk\/produkt\/karel-gott-ilustrovany-zivotopis-jiri-zak-matej-pospisil\/","name":"Karel Gott: ilustrovan\u00fd \u017eivotopis - Ji\u0159\u00ed \u017d\u00e1k, Mat\u011bj Posp\u00ed\u0161il -","isPartOf":{"@id":"https:\/\/shop.dychovahudba.sk\/#website"},"primaryImageOfPage":{"@id":"https:\/\/shop.dychovahudba.sk\/produkt\/karel-gott-ilustrovany-zivotopis-jiri-zak-matej-pospisil\/#primaryimage"},"image":{"@id":"https:\/\/shop.dychovahudba.sk\/produkt\/karel-gott-ilustrovany-zivotopis-jiri-zak-matej-pospisil\/#primaryimage"},"thumbnailUrl":"https:\/\/shop.dychovahudba.sk\/wp-content\/uploads\/2021\/01\/0063226225_gott_velka.jpg","datePublished":"2021-01-21T21:08:33+00:00","dateModified":"2026-01-26T08:37:08+00:00","description":"Nebylo, nen\u00ed a asi nikdy ani nebude slavn\u011bj\u0161\u00edho \u010desk\u00e9ho zp\u011bv\u00e1ka, ne\u017e je Karel Gott. Tato kniha ov\u0161em p\u0159edstavuje bo\u017esk\u00e9ho Karla \u00fapln\u011b jinak.","breadcrumb":{"@id":"https:\/\/shop.dychovahudba.sk\/produkt\/karel-gott-ilustrovany-zivotopis-jiri-zak-matej-pospisil\/#breadcrumb"},"inLanguage":"en-US","potentialAction":[{"@type":"ReadAction","target":["https:\/\/shop.dychovahudba.sk\/produkt\/karel-gott-ilustrovany-zivotopis-jiri-zak-matej-pospisil\/"]}]},{"@type":"ImageObject","inLanguage":"en-US","@id":"https:\/\/shop.dychovahudba.sk\/produkt\/karel-gott-ilustrovany-zivotopis-jiri-zak-matej-pospisil\/#primaryimage","url":"https:\/\/shop.dychovahudba.sk\/wp-content\/uploads\/2021\/01\/0063226225_gott_velka.jpg","contentUrl":"https:\/\/shop.dychovahudba.sk\/wp-content\/uploads\/2021\/01\/0063226225_gott_velka.jpg","width":1154,"height":1697,"caption":"kniha karel gott"},{"@type":"BreadcrumbList","@id":"https:\/\/shop.dychovahudba.sk\/produkt\/karel-gott-ilustrovany-zivotopis-jiri-zak-matej-pospisil\/#breadcrumb","itemListElement":[{"@type":"ListItem","position":1,"name":"Home","item":"https:\/\/shop.dychovahudba.sk\/"},{"@type":"ListItem","position":2,"name":"Obchod","item":"https:\/\/shop.dychovahudba.sk\/"},{"@type":"ListItem","position":3,"name":"Karel Gott: ilustrovan\u00fd \u017eivotopis &#8211; Ji\u0159\u00ed \u017d\u00e1k, Mat\u011bj Posp\u00ed\u0161il"}]},{"@type":"WebSite","@id":"https:\/\/shop.dychovahudba.sk\/#website","url":"https:\/\/shop.dychovahudba.sk\/","name":"SHOP - Slovensk\u00e1 dychov\u00e1 hudba","description":"Knihy-Noty-CD-DVD-Merch-Hudobn\u00e9 n\u00e1stroje","potentialAction":[{"@type":"SearchAction","target":{"@type":"EntryPoint","urlTemplate":"https:\/\/shop.dychovahudba.sk\/?s={search_term_string}"},"query-input":{"@type":"PropertyValueSpecification","valueRequired":true,"valueName":"search_term_string"}}],"inLanguage":"en-US"}]}},"_links":{"self":[{"href":"https:\/\/shop.dychovahudba.sk\/en\/wp-json\/wp\/v2\/product\/178","targetHints":{"allow":["GET"]}}],"collection":[{"href":"https:\/\/shop.dychovahudba.sk\/en\/wp-json\/wp\/v2\/product"}],"about":[{"href":"https:\/\/shop.dychovahudba.sk\/en\/wp-json\/wp\/v2\/types\/product"}],"replies":[{"embeddable":true,"href":"https:\/\/shop.dychovahudba.sk\/en\/wp-json\/wp\/v2\/comments?post=178"}],"wp:featuredmedia":[{"embeddable":true,"href":"https:\/\/shop.dychovahudba.sk\/en\/wp-json\/wp\/v2\/media\/179"}],"wp:attachment":[{"href":"https:\/\/shop.dychovahudba.sk\/en\/wp-json\/wp\/v2\/media?parent=178"}],"wp:term":[{"taxonomy":"product_brand","embeddable":true,"href":"https:\/\/shop.dychovahudba.sk\/en\/wp-json\/wp\/v2\/product_brand?post=178"},{"taxonomy":"product_cat","embeddable":true,"href":"https:\/\/shop.dychovahudba.sk\/en\/wp-json\/wp\/v2\/product_cat?post=178"},{"taxonomy":"product_tag","embeddable":true,"href":"https:\/\/shop.dychovahudba.sk\/en\/wp-json\/wp\/v2\/product_tag?post=178"}],"curies":[{"name":"wp","href":"https:\/\/api.w.org\/{rel}","templated":true}]}}