{"id":243,"date":"2021-06-06T17:20:47","date_gmt":"2021-06-06T15:20:47","guid":{"rendered":"https:\/\/shop.dychovahudba.sk\/?post_type=product&#038;p=243"},"modified":"2026-01-26T09:36:24","modified_gmt":"2026-01-26T08:36:24","slug":"panske-tricko-hudbou-za-posilnenie-imunity","status":"publish","type":"product","link":"https:\/\/shop.dychovahudba.sk\/en\/product\/panske-tricko-hudbou-za-posilnenie-imunity\/","title":{"rendered":"P\u00e1nske tri\u010dko Hudbou za posilnenie imunity"},"content":{"rendered":"<h1 class=\"title\"><span style=\"color: #000000;\">#E190 T-Shirt<\/span><\/h1>\n<div class=\"description\"><span style=\"color: #000000;\">P\u00e1nske klasick\u00e9 tri\u010dko B&amp;C #, ktor\u00e9 je vylep\u0161en\u00e9 o\u00a0strih a materi\u00e1l. Tri\u010dko je ve\u013emi pohodln\u00e9 na nosenie, pon\u00fakame ho v\u00a0m\u00f3dnych farb\u00e1ch! Ruk\u00e1vy s\u00fa kr\u00e1sne sediace cez ramen\u00e1, d\u013a\u017eka tri\u010dka je tak akur\u00e1t. Toto nov\u00e9 tri\u010dko z\u00a0rady B&amp;C # m\u00e1 na\u0161liapnut\u00e9 sta\u0165 sa bestsellerom. Vyzna\u010duje sa vysokokvalitn\u00fdm spracovan\u00edm a dvojit\u00fdm lemovan\u00edm. Tri\u010dko nem\u00e1 bo\u010dn\u00e9 \u0161vy a\u00a0t\u00fdm sa v\u00e1m nikdy v\u00a0pra\u010dke nepokr\u00fati. P\u00e1nske tri\u010dko B&amp;C # budete radi nosi\u0165 kamko\u013evek, sta\u010d\u00ed na neho da\u0165 kreat\u00edvnu potla\u010d a luxusn\u00e9 tri\u010dko za rozumn\u00fa cenu je na svete. Pon\u00fakame ho aj v\u00a0d\u00e1mskej verzii.<\/span><br \/>\n<span style=\"color: #000000;\">POZOR &#8211; Sport grey farba zlo\u017eenie 85% bavlna \/ 15% visk\u00f3za<\/span><span style=\"color: #000000;\">-100% Bavlna<\/span><br \/>\n<span style=\"color: #000000;\">-Rebrovan\u00fd gu\u013eat\u00fd v\u00fdstrih s elastanom<\/span><br \/>\n<span style=\"color: #000000;\">-Bez bo\u010dn\u00fdch \u0161vov<\/span><br \/>\n<span style=\"color: #000000;\">-Overlockov\u00fd steh<\/span><br \/>\n<span style=\"color: #000000;\">-Pr\u00edjemn\u00fd strih<\/span><br \/>\n<span style=\"color: #000000;\">-M\u00f3dne farby<\/span><br \/>\n<span style=\"color: #000000;\">-Kr\u00e1tky ruk\u00e1v<\/span><br \/>\n<span style=\"color: #000000;\">-Mo\u017enos\u0165 pra\u0165 do 40 \u00b0C<\/span><br \/>\n<span style=\"color: #000000;\">-Gram\u00e1\u017e: 185 g\/m\u00b2<\/span><\/p>\n<\/div>","protected":false},"excerpt":{"rendered":"<p>#E190 T-Shirt P\u00e1nske klasick\u00e9 tri\u010dko B&amp;C #, ktor\u00e9 je vylep\u0161en\u00e9 o\u00a0strih a materi\u00e1l. Tri\u010dko je ve\u013emi pohodln\u00e9 na nosenie, pon\u00fakame ho v\u00a0m\u00f3dnych farb\u00e1ch! Ruk\u00e1vy s\u00fa kr\u00e1sne sediace cez ramen\u00e1, d\u013a\u017eka tri\u010dka je tak akur\u00e1t. Toto nov\u00e9 tri\u010dko z\u00a0rady B&amp;C # m\u00e1 na\u0161liapnut\u00e9 sta\u0165 sa bestsellerom. Vyzna\u010duje sa vysokokvalitn\u00fdm spracovan\u00edm a dvojit\u00fdm lemovan\u00edm. Tri\u010dko nem\u00e1 bo\u010dn\u00e9 &hellip; <\/p>\n<p class=\"link-more\"><a href=\"https:\/\/shop.dychovahudba.sk\/en\/product\/panske-tricko-hudbou-za-posilnenie-imunity\/\" class=\"more-link\">Continue reading<span class=\"screen-reader-text\"> &#8222;P\u00e1nske tri\u010dko Hudbou za posilnenie imunity&#8220;<\/span><\/a><\/p>","protected":false},"featured_media":249,"comment_status":"open","ping_status":"closed","template":"","meta":{"_monsterinsights_skip_tracking":false,"_monsterinsights_sitenote_active":false,"_monsterinsights_sitenote_note":"","_monsterinsights_sitenote_category":0},"product_brand":[],"product_cat":[22],"product_tag":[84],"class_list":{"0":"post-243","1":"product","2":"type-product","3":"status-publish","4":"has-post-thumbnail","6":"product_cat-tricka","7":"product_tag-tricko","9":"first","10":"outofstock","11":"shipping-taxable","12":"product-type-variable"},"yoast_head":"<!-- This site is optimized with the Yoast SEO plugin v26.8 - https:\/\/yoast.com\/product\/yoast-seo-wordpress\/ -->\n<title>P\u00e1nske tri\u010dko Hudbou za posilnenie imunity - SHOP - Slovensk\u00e1 dychov\u00e1 hudba<\/title>\n<meta name=\"robots\" content=\"index, follow, max-snippet:-1, max-image-preview:large, max-video-preview:-1\" \/>\n<link rel=\"canonical\" href=\"https:\/\/shop.dychovahudba.sk\/en\/product\/panske-tricko-hudbou-za-posilnenie-imunity\/\" \/>\n<meta property=\"og:locale\" content=\"en_US\" \/>\n<meta property=\"og:type\" content=\"article\" \/>\n<meta property=\"og:title\" content=\"P\u00e1nske tri\u010dko Hudbou za posilnenie imunity\" \/>\n<meta property=\"og:description\" content=\"#E190 T-Shirt P\u00e1nske klasick\u00e9 tri\u010dko B&amp;C #, ktor\u00e9 je vylep\u0161en\u00e9 o\u00a0strih a materi\u00e1l. Tri\u010dko je ve\u013emi pohodln\u00e9 na nosenie, pon\u00fakame ho v\u00a0m\u00f3dnych farb\u00e1ch! Ruk\u00e1vy s\u00fa kr\u00e1sne sediace cez ramen\u00e1, d\u013a\u017eka tri\u010dka je tak akur\u00e1t. Toto nov\u00e9 tri\u010dko z\u00a0rady B&amp;C # m\u00e1 na\u0161liapnut\u00e9 sta\u0165 sa bestsellerom. Vyzna\u010duje sa vysokokvalitn\u00fdm spracovan\u00edm a dvojit\u00fdm lemovan\u00edm. Tri\u010dko nem\u00e1 bo\u010dn\u00e9 &hellip; Continue reading &quot;P\u00e1nske tri\u010dko Hudbou za posilnenie imunity&quot;\" \/>\n<meta property=\"og:url\" content=\"https:\/\/shop.dychovahudba.sk\/en\/product\/panske-tricko-hudbou-za-posilnenie-imunity\/\" \/>\n<meta property=\"og:site_name\" content=\"SHOP - Slovensk\u00e1 dychov\u00e1 hudba\" \/>\n<meta property=\"article:modified_time\" content=\"2026-01-26T08:36:24+00:00\" \/>\n<meta property=\"og:image\" content=\"https:\/\/shop.dychovahudba.sk\/wp-content\/uploads\/2021\/06\/HZPI.jpg\" \/>\n\t<meta property=\"og:image:width\" content=\"479\" \/>\n\t<meta property=\"og:image:height\" content=\"575\" \/>\n\t<meta property=\"og:image:type\" content=\"image\/jpeg\" \/>\n<meta name=\"twitter:card\" content=\"summary_large_image\" \/>\n<meta name=\"twitter:label1\" content=\"Est. reading time\" \/>\n\t<meta name=\"twitter:data1\" content=\"1 minute\" \/>\n<script type=\"application\/ld+json\" class=\"yoast-schema-graph\">{\"@context\":\"https:\/\/schema.org\",\"@graph\":[{\"@type\":\"WebPage\",\"@id\":\"https:\/\/shop.dychovahudba.sk\/produkt\/panske-tricko-hudbou-za-posilnenie-imunity\/\",\"url\":\"https:\/\/shop.dychovahudba.sk\/produkt\/panske-tricko-hudbou-za-posilnenie-imunity\/\",\"name\":\"P\u00e1nske tri\u010dko Hudbou za posilnenie imunity - SHOP - Slovensk\u00e1 dychov\u00e1 hudba\",\"isPartOf\":{\"@id\":\"https:\/\/shop.dychovahudba.sk\/#website\"},\"primaryImageOfPage\":{\"@id\":\"https:\/\/shop.dychovahudba.sk\/produkt\/panske-tricko-hudbou-za-posilnenie-imunity\/#primaryimage\"},\"image\":{\"@id\":\"https:\/\/shop.dychovahudba.sk\/produkt\/panske-tricko-hudbou-za-posilnenie-imunity\/#primaryimage\"},\"thumbnailUrl\":\"https:\/\/shop.dychovahudba.sk\/wp-content\/uploads\/2021\/06\/HZPI.jpg\",\"datePublished\":\"2021-06-06T15:20:47+00:00\",\"dateModified\":\"2026-01-26T08:36:24+00:00\",\"breadcrumb\":{\"@id\":\"https:\/\/shop.dychovahudba.sk\/produkt\/panske-tricko-hudbou-za-posilnenie-imunity\/#breadcrumb\"},\"inLanguage\":\"en-US\",\"potentialAction\":[{\"@type\":\"ReadAction\",\"target\":[\"https:\/\/shop.dychovahudba.sk\/produkt\/panske-tricko-hudbou-za-posilnenie-imunity\/\"]}]},{\"@type\":\"ImageObject\",\"inLanguage\":\"en-US\",\"@id\":\"https:\/\/shop.dychovahudba.sk\/produkt\/panske-tricko-hudbou-za-posilnenie-imunity\/#primaryimage\",\"url\":\"https:\/\/shop.dychovahudba.sk\/wp-content\/uploads\/2021\/06\/HZPI.jpg\",\"contentUrl\":\"https:\/\/shop.dychovahudba.sk\/wp-content\/uploads\/2021\/06\/HZPI.jpg\",\"width\":479,\"height\":575},{\"@type\":\"BreadcrumbList\",\"@id\":\"https:\/\/shop.dychovahudba.sk\/produkt\/panske-tricko-hudbou-za-posilnenie-imunity\/#breadcrumb\",\"itemListElement\":[{\"@type\":\"ListItem\",\"position\":1,\"name\":\"Home\",\"item\":\"https:\/\/shop.dychovahudba.sk\/\"},{\"@type\":\"ListItem\",\"position\":2,\"name\":\"Obchod\",\"item\":\"https:\/\/shop.dychovahudba.sk\/\"},{\"@type\":\"ListItem\",\"position\":3,\"name\":\"P\u00e1nske tri\u010dko Hudbou za posilnenie imunity\"}]},{\"@type\":\"WebSite\",\"@id\":\"https:\/\/shop.dychovahudba.sk\/#website\",\"url\":\"https:\/\/shop.dychovahudba.sk\/\",\"name\":\"SHOP - Slovensk\u00e1 dychov\u00e1 hudba\",\"description\":\"Knihy-Noty-CD-DVD-Merch-Hudobn\u00e9 n\u00e1stroje\",\"potentialAction\":[{\"@type\":\"SearchAction\",\"target\":{\"@type\":\"EntryPoint\",\"urlTemplate\":\"https:\/\/shop.dychovahudba.sk\/?s={search_term_string}\"},\"query-input\":{\"@type\":\"PropertyValueSpecification\",\"valueRequired\":true,\"valueName\":\"search_term_string\"}}],\"inLanguage\":\"en-US\"}]}<\/script>\n<!-- \/ Yoast SEO plugin. -->","yoast_head_json":{"title":"P\u00e1nske tri\u010dko Hudbou za posilnenie imunity - SHOP - Slovensk\u00e1 dychov\u00e1 hudba","robots":{"index":"index","follow":"follow","max-snippet":"max-snippet:-1","max-image-preview":"max-image-preview:large","max-video-preview":"max-video-preview:-1"},"canonical":"https:\/\/shop.dychovahudba.sk\/en\/product\/panske-tricko-hudbou-za-posilnenie-imunity\/","og_locale":"en_US","og_type":"article","og_title":"P\u00e1nske tri\u010dko Hudbou za posilnenie imunity","og_description":"#E190 T-Shirt P\u00e1nske klasick\u00e9 tri\u010dko B&amp;C #, ktor\u00e9 je vylep\u0161en\u00e9 o\u00a0strih a materi\u00e1l. Tri\u010dko je ve\u013emi pohodln\u00e9 na nosenie, pon\u00fakame ho v\u00a0m\u00f3dnych farb\u00e1ch! Ruk\u00e1vy s\u00fa kr\u00e1sne sediace cez ramen\u00e1, d\u013a\u017eka tri\u010dka je tak akur\u00e1t. Toto nov\u00e9 tri\u010dko z\u00a0rady B&amp;C # m\u00e1 na\u0161liapnut\u00e9 sta\u0165 sa bestsellerom. Vyzna\u010duje sa vysokokvalitn\u00fdm spracovan\u00edm a dvojit\u00fdm lemovan\u00edm. Tri\u010dko nem\u00e1 bo\u010dn\u00e9 &hellip; Continue reading \"P\u00e1nske tri\u010dko Hudbou za posilnenie imunity\"","og_url":"https:\/\/shop.dychovahudba.sk\/en\/product\/panske-tricko-hudbou-za-posilnenie-imunity\/","og_site_name":"SHOP - Slovensk\u00e1 dychov\u00e1 hudba","article_modified_time":"2026-01-26T08:36:24+00:00","og_image":[{"width":479,"height":575,"url":"https:\/\/shop.dychovahudba.sk\/wp-content\/uploads\/2021\/06\/HZPI.jpg","type":"image\/jpeg"}],"twitter_card":"summary_large_image","twitter_misc":{"Est. reading time":"1 minute"},"schema":{"@context":"https:\/\/schema.org","@graph":[{"@type":"WebPage","@id":"https:\/\/shop.dychovahudba.sk\/produkt\/panske-tricko-hudbou-za-posilnenie-imunity\/","url":"https:\/\/shop.dychovahudba.sk\/produkt\/panske-tricko-hudbou-za-posilnenie-imunity\/","name":"P\u00e1nske tri\u010dko Hudbou za posilnenie imunity - SHOP - Slovensk\u00e1 dychov\u00e1 hudba","isPartOf":{"@id":"https:\/\/shop.dychovahudba.sk\/#website"},"primaryImageOfPage":{"@id":"https:\/\/shop.dychovahudba.sk\/produkt\/panske-tricko-hudbou-za-posilnenie-imunity\/#primaryimage"},"image":{"@id":"https:\/\/shop.dychovahudba.sk\/produkt\/panske-tricko-hudbou-za-posilnenie-imunity\/#primaryimage"},"thumbnailUrl":"https:\/\/shop.dychovahudba.sk\/wp-content\/uploads\/2021\/06\/HZPI.jpg","datePublished":"2021-06-06T15:20:47+00:00","dateModified":"2026-01-26T08:36:24+00:00","breadcrumb":{"@id":"https:\/\/shop.dychovahudba.sk\/produkt\/panske-tricko-hudbou-za-posilnenie-imunity\/#breadcrumb"},"inLanguage":"en-US","potentialAction":[{"@type":"ReadAction","target":["https:\/\/shop.dychovahudba.sk\/produkt\/panske-tricko-hudbou-za-posilnenie-imunity\/"]}]},{"@type":"ImageObject","inLanguage":"en-US","@id":"https:\/\/shop.dychovahudba.sk\/produkt\/panske-tricko-hudbou-za-posilnenie-imunity\/#primaryimage","url":"https:\/\/shop.dychovahudba.sk\/wp-content\/uploads\/2021\/06\/HZPI.jpg","contentUrl":"https:\/\/shop.dychovahudba.sk\/wp-content\/uploads\/2021\/06\/HZPI.jpg","width":479,"height":575},{"@type":"BreadcrumbList","@id":"https:\/\/shop.dychovahudba.sk\/produkt\/panske-tricko-hudbou-za-posilnenie-imunity\/#breadcrumb","itemListElement":[{"@type":"ListItem","position":1,"name":"Home","item":"https:\/\/shop.dychovahudba.sk\/"},{"@type":"ListItem","position":2,"name":"Obchod","item":"https:\/\/shop.dychovahudba.sk\/"},{"@type":"ListItem","position":3,"name":"P\u00e1nske tri\u010dko Hudbou za posilnenie imunity"}]},{"@type":"WebSite","@id":"https:\/\/shop.dychovahudba.sk\/#website","url":"https:\/\/shop.dychovahudba.sk\/","name":"SHOP - Slovensk\u00e1 dychov\u00e1 hudba","description":"Knihy-Noty-CD-DVD-Merch-Hudobn\u00e9 n\u00e1stroje","potentialAction":[{"@type":"SearchAction","target":{"@type":"EntryPoint","urlTemplate":"https:\/\/shop.dychovahudba.sk\/?s={search_term_string}"},"query-input":{"@type":"PropertyValueSpecification","valueRequired":true,"valueName":"search_term_string"}}],"inLanguage":"en-US"}]}},"_links":{"self":[{"href":"https:\/\/shop.dychovahudba.sk\/en\/wp-json\/wp\/v2\/product\/243","targetHints":{"allow":["GET"]}}],"collection":[{"href":"https:\/\/shop.dychovahudba.sk\/en\/wp-json\/wp\/v2\/product"}],"about":[{"href":"https:\/\/shop.dychovahudba.sk\/en\/wp-json\/wp\/v2\/types\/product"}],"replies":[{"embeddable":true,"href":"https:\/\/shop.dychovahudba.sk\/en\/wp-json\/wp\/v2\/comments?post=243"}],"wp:featuredmedia":[{"embeddable":true,"href":"https:\/\/shop.dychovahudba.sk\/en\/wp-json\/wp\/v2\/media\/249"}],"wp:attachment":[{"href":"https:\/\/shop.dychovahudba.sk\/en\/wp-json\/wp\/v2\/media?parent=243"}],"wp:term":[{"taxonomy":"product_brand","embeddable":true,"href":"https:\/\/shop.dychovahudba.sk\/en\/wp-json\/wp\/v2\/product_brand?post=243"},{"taxonomy":"product_cat","embeddable":true,"href":"https:\/\/shop.dychovahudba.sk\/en\/wp-json\/wp\/v2\/product_cat?post=243"},{"taxonomy":"product_tag","embeddable":true,"href":"https:\/\/shop.dychovahudba.sk\/en\/wp-json\/wp\/v2\/product_tag?post=243"}],"curies":[{"name":"wp","href":"https:\/\/api.w.org\/{rel}","templated":true}]}}