{"id":44,"date":"2021-01-21T11:01:36","date_gmt":"2021-01-21T10:01:36","guid":{"rendered":"https:\/\/shop.dychovahudba.sk\/?post_type=product&#038;p=44"},"modified":"2026-01-26T09:37:10","modified_gmt":"2026-01-26T08:37:10","slug":"prezentacia-v-radiu-dychovka","status":"publish","type":"product","link":"https:\/\/shop.dychovahudba.sk\/en\/product\/prezentacia-v-radiu-dychovka\/","title":{"rendered":"Prezent\u00e1cia v R\u00e1diu Dychovka"},"content":{"rendered":"<p>Jednor\u00e1zov\u00fd pr\u00edspevok na prev\u00e1dzku Internetov\u00e9ho R\u00e1dia Dychovka (server, hosting, licencie (Slovgram SOZA), r\u00e9\u017eijn\u00e9 n\u00e1klady)<\/p>\n<p><a href=\"http:\/\/www.radiodychovka.sk\/\">www.radiodychovka.sk<\/a><\/p>\n<p><strong>\u010co z\u00edskate ?<\/strong><\/p>\n<ul>\n<li>Priestor na prezent\u00e1ciu kapely, dychovky, orchestra, big bandu.<\/li>\n<li>Pravideln\u00e9 zaradenie v playlistoch<\/li>\n<li>Neobmedzen\u00fd po\u010det CD (ktor\u00e9 n\u00e1m za\u0161lete)<\/li>\n<li>V\u00fdroba hudobnej rel\u00e1cie \u2013 rozhovor s kapeln\u00edkom, hudobn\u00edkmi hist\u00f3ria kapely, fungovanie, \u010do pl\u00e1nujete at\u010f.<\/li>\n<li>U\u017e \u010doskoro v ka\u017edej dom\u00e1cnosti na SR prostredn\u00edctvom (Skylink, M\u00e1gio TV,\u00a0<strong>Antik TV<\/strong>,\u00a0Slovanet, Flexi Tv, Digi Slovakia, UPC,\u00a0<strong>Kiki internet<\/strong> a\u00a0in\u00e9)<\/li>\n<\/ul>","protected":false},"excerpt":{"rendered":"<p>Jednor\u00e1zov\u00fd pr\u00edspevok na prev\u00e1dzku Internetov\u00e9ho R\u00e1dia Dychovka (server, hosting, licencie (Slovgram SOZA), r\u00e9\u017eijn\u00e9 n\u00e1klady) www.radiodychovka.sk \u010co z\u00edskate ? Priestor na prezent\u00e1ciu kapely, dychovky, orchestra, big bandu. Pravideln\u00e9 zaradenie v playlistoch Neobmedzen\u00fd po\u010det CD (ktor\u00e9 n\u00e1m za\u0161lete) V\u00fdroba hudobnej rel\u00e1cie \u2013 rozhovor s kapeln\u00edkom, hudobn\u00edkmi hist\u00f3ria kapely, fungovanie, \u010do pl\u00e1nujete at\u010f. U\u017e \u010doskoro v ka\u017edej dom\u00e1cnosti &hellip; <\/p>\n<p class=\"link-more\"><a href=\"https:\/\/shop.dychovahudba.sk\/en\/product\/prezentacia-v-radiu-dychovka\/\" class=\"more-link\">Continue reading<span class=\"screen-reader-text\"> &#8222;Prezent\u00e1cia v R\u00e1diu Dychovka&#8220;<\/span><\/a><\/p>","protected":false},"featured_media":45,"comment_status":"open","ping_status":"closed","template":"","meta":{"_monsterinsights_skip_tracking":false,"_monsterinsights_sitenote_active":false,"_monsterinsights_sitenote_note":"","_monsterinsights_sitenote_category":0},"product_brand":[],"product_cat":[19],"product_tag":[],"class_list":{"0":"post-44","1":"product","2":"type-product","3":"status-publish","4":"has-post-thumbnail","6":"product_cat-reklama","8":"first","9":"outofstock","10":"virtual","11":"purchasable","12":"product-type-simple"},"yoast_head":"<!-- This site is optimized with the Yoast SEO plugin v26.8 - https:\/\/yoast.com\/product\/yoast-seo-wordpress\/ -->\n<title>Prezent\u00e1cia v R\u00e1diu Dychovka - SHOP - Slovensk\u00e1 dychov\u00e1 hudba<\/title>\n<meta name=\"robots\" content=\"index, follow, max-snippet:-1, max-image-preview:large, max-video-preview:-1\" \/>\n<link rel=\"canonical\" href=\"https:\/\/shop.dychovahudba.sk\/en\/product\/prezentacia-v-radiu-dychovka\/\" \/>\n<meta property=\"og:locale\" content=\"en_US\" \/>\n<meta property=\"og:type\" content=\"article\" \/>\n<meta property=\"og:title\" content=\"Prezent\u00e1cia v R\u00e1diu Dychovka\" \/>\n<meta property=\"og:description\" content=\"Jednor\u00e1zov\u00fd pr\u00edspevok na prev\u00e1dzku Internetov\u00e9ho R\u00e1dia Dychovka (server, hosting, licencie (Slovgram SOZA), r\u00e9\u017eijn\u00e9 n\u00e1klady) www.radiodychovka.sk \u010co z\u00edskate ? Priestor na prezent\u00e1ciu kapely, dychovky, orchestra, big bandu. Pravideln\u00e9 zaradenie v playlistoch Neobmedzen\u00fd po\u010det CD (ktor\u00e9 n\u00e1m za\u0161lete) V\u00fdroba hudobnej rel\u00e1cie \u2013 rozhovor s kapeln\u00edkom, hudobn\u00edkmi hist\u00f3ria kapely, fungovanie, \u010do pl\u00e1nujete at\u010f. U\u017e \u010doskoro v ka\u017edej dom\u00e1cnosti &hellip; Continue reading &quot;Prezent\u00e1cia v R\u00e1diu Dychovka&quot;\" \/>\n<meta property=\"og:url\" content=\"https:\/\/shop.dychovahudba.sk\/en\/product\/prezentacia-v-radiu-dychovka\/\" \/>\n<meta property=\"og:site_name\" content=\"SHOP - Slovensk\u00e1 dychov\u00e1 hudba\" \/>\n<meta property=\"article:modified_time\" content=\"2026-01-26T08:37:10+00:00\" \/>\n<meta property=\"og:image\" content=\"https:\/\/shop.dychovahudba.sk\/wp-content\/uploads\/2021\/01\/on-air-1.jpg\" \/>\n\t<meta property=\"og:image:width\" content=\"1200\" \/>\n\t<meta property=\"og:image:height\" content=\"900\" \/>\n\t<meta property=\"og:image:type\" content=\"image\/jpeg\" \/>\n<meta name=\"twitter:card\" content=\"summary_large_image\" \/>\n<meta name=\"twitter:label1\" content=\"Est. reading time\" \/>\n\t<meta name=\"twitter:data1\" content=\"1 minute\" \/>\n<script type=\"application\/ld+json\" class=\"yoast-schema-graph\">{\"@context\":\"https:\/\/schema.org\",\"@graph\":[{\"@type\":\"WebPage\",\"@id\":\"https:\/\/shop.dychovahudba.sk\/produkt\/prezentacia-v-radiu-dychovka\/\",\"url\":\"https:\/\/shop.dychovahudba.sk\/produkt\/prezentacia-v-radiu-dychovka\/\",\"name\":\"Prezent\u00e1cia v R\u00e1diu Dychovka - SHOP - Slovensk\u00e1 dychov\u00e1 hudba\",\"isPartOf\":{\"@id\":\"https:\/\/shop.dychovahudba.sk\/#website\"},\"primaryImageOfPage\":{\"@id\":\"https:\/\/shop.dychovahudba.sk\/produkt\/prezentacia-v-radiu-dychovka\/#primaryimage\"},\"image\":{\"@id\":\"https:\/\/shop.dychovahudba.sk\/produkt\/prezentacia-v-radiu-dychovka\/#primaryimage\"},\"thumbnailUrl\":\"https:\/\/shop.dychovahudba.sk\/wp-content\/uploads\/2021\/01\/on-air.jpg\",\"datePublished\":\"2021-01-21T10:01:36+00:00\",\"dateModified\":\"2026-01-26T08:37:10+00:00\",\"breadcrumb\":{\"@id\":\"https:\/\/shop.dychovahudba.sk\/produkt\/prezentacia-v-radiu-dychovka\/#breadcrumb\"},\"inLanguage\":\"en-US\",\"potentialAction\":[{\"@type\":\"ReadAction\",\"target\":[\"https:\/\/shop.dychovahudba.sk\/produkt\/prezentacia-v-radiu-dychovka\/\"]}]},{\"@type\":\"ImageObject\",\"inLanguage\":\"en-US\",\"@id\":\"https:\/\/shop.dychovahudba.sk\/produkt\/prezentacia-v-radiu-dychovka\/#primaryimage\",\"url\":\"https:\/\/shop.dychovahudba.sk\/wp-content\/uploads\/2021\/01\/on-air.jpg\",\"contentUrl\":\"https:\/\/shop.dychovahudba.sk\/wp-content\/uploads\/2021\/01\/on-air.jpg\",\"width\":1200,\"height\":900},{\"@type\":\"BreadcrumbList\",\"@id\":\"https:\/\/shop.dychovahudba.sk\/produkt\/prezentacia-v-radiu-dychovka\/#breadcrumb\",\"itemListElement\":[{\"@type\":\"ListItem\",\"position\":1,\"name\":\"Home\",\"item\":\"https:\/\/shop.dychovahudba.sk\/\"},{\"@type\":\"ListItem\",\"position\":2,\"name\":\"Obchod\",\"item\":\"https:\/\/shop.dychovahudba.sk\/\"},{\"@type\":\"ListItem\",\"position\":3,\"name\":\"Prezent\u00e1cia v R\u00e1diu Dychovka\"}]},{\"@type\":\"WebSite\",\"@id\":\"https:\/\/shop.dychovahudba.sk\/#website\",\"url\":\"https:\/\/shop.dychovahudba.sk\/\",\"name\":\"SHOP - Slovensk\u00e1 dychov\u00e1 hudba\",\"description\":\"Knihy-Noty-CD-DVD-Merch-Hudobn\u00e9 n\u00e1stroje\",\"potentialAction\":[{\"@type\":\"SearchAction\",\"target\":{\"@type\":\"EntryPoint\",\"urlTemplate\":\"https:\/\/shop.dychovahudba.sk\/?s={search_term_string}\"},\"query-input\":{\"@type\":\"PropertyValueSpecification\",\"valueRequired\":true,\"valueName\":\"search_term_string\"}}],\"inLanguage\":\"en-US\"}]}<\/script>\n<!-- \/ Yoast SEO plugin. -->","yoast_head_json":{"title":"Prezent\u00e1cia v R\u00e1diu Dychovka - SHOP - Slovensk\u00e1 dychov\u00e1 hudba","robots":{"index":"index","follow":"follow","max-snippet":"max-snippet:-1","max-image-preview":"max-image-preview:large","max-video-preview":"max-video-preview:-1"},"canonical":"https:\/\/shop.dychovahudba.sk\/en\/product\/prezentacia-v-radiu-dychovka\/","og_locale":"en_US","og_type":"article","og_title":"Prezent\u00e1cia v R\u00e1diu Dychovka","og_description":"Jednor\u00e1zov\u00fd pr\u00edspevok na prev\u00e1dzku Internetov\u00e9ho R\u00e1dia Dychovka (server, hosting, licencie (Slovgram SOZA), r\u00e9\u017eijn\u00e9 n\u00e1klady) www.radiodychovka.sk \u010co z\u00edskate ? Priestor na prezent\u00e1ciu kapely, dychovky, orchestra, big bandu. Pravideln\u00e9 zaradenie v playlistoch Neobmedzen\u00fd po\u010det CD (ktor\u00e9 n\u00e1m za\u0161lete) V\u00fdroba hudobnej rel\u00e1cie \u2013 rozhovor s kapeln\u00edkom, hudobn\u00edkmi hist\u00f3ria kapely, fungovanie, \u010do pl\u00e1nujete at\u010f. U\u017e \u010doskoro v ka\u017edej dom\u00e1cnosti &hellip; Continue reading \"Prezent\u00e1cia v R\u00e1diu Dychovka\"","og_url":"https:\/\/shop.dychovahudba.sk\/en\/product\/prezentacia-v-radiu-dychovka\/","og_site_name":"SHOP - Slovensk\u00e1 dychov\u00e1 hudba","article_modified_time":"2026-01-26T08:37:10+00:00","og_image":[{"width":1200,"height":900,"url":"https:\/\/shop.dychovahudba.sk\/wp-content\/uploads\/2021\/01\/on-air-1.jpg","type":"image\/jpeg"}],"twitter_card":"summary_large_image","twitter_misc":{"Est. reading time":"1 minute"},"schema":{"@context":"https:\/\/schema.org","@graph":[{"@type":"WebPage","@id":"https:\/\/shop.dychovahudba.sk\/produkt\/prezentacia-v-radiu-dychovka\/","url":"https:\/\/shop.dychovahudba.sk\/produkt\/prezentacia-v-radiu-dychovka\/","name":"Prezent\u00e1cia v R\u00e1diu Dychovka - SHOP - Slovensk\u00e1 dychov\u00e1 hudba","isPartOf":{"@id":"https:\/\/shop.dychovahudba.sk\/#website"},"primaryImageOfPage":{"@id":"https:\/\/shop.dychovahudba.sk\/produkt\/prezentacia-v-radiu-dychovka\/#primaryimage"},"image":{"@id":"https:\/\/shop.dychovahudba.sk\/produkt\/prezentacia-v-radiu-dychovka\/#primaryimage"},"thumbnailUrl":"https:\/\/shop.dychovahudba.sk\/wp-content\/uploads\/2021\/01\/on-air.jpg","datePublished":"2021-01-21T10:01:36+00:00","dateModified":"2026-01-26T08:37:10+00:00","breadcrumb":{"@id":"https:\/\/shop.dychovahudba.sk\/produkt\/prezentacia-v-radiu-dychovka\/#breadcrumb"},"inLanguage":"en-US","potentialAction":[{"@type":"ReadAction","target":["https:\/\/shop.dychovahudba.sk\/produkt\/prezentacia-v-radiu-dychovka\/"]}]},{"@type":"ImageObject","inLanguage":"en-US","@id":"https:\/\/shop.dychovahudba.sk\/produkt\/prezentacia-v-radiu-dychovka\/#primaryimage","url":"https:\/\/shop.dychovahudba.sk\/wp-content\/uploads\/2021\/01\/on-air.jpg","contentUrl":"https:\/\/shop.dychovahudba.sk\/wp-content\/uploads\/2021\/01\/on-air.jpg","width":1200,"height":900},{"@type":"BreadcrumbList","@id":"https:\/\/shop.dychovahudba.sk\/produkt\/prezentacia-v-radiu-dychovka\/#breadcrumb","itemListElement":[{"@type":"ListItem","position":1,"name":"Home","item":"https:\/\/shop.dychovahudba.sk\/"},{"@type":"ListItem","position":2,"name":"Obchod","item":"https:\/\/shop.dychovahudba.sk\/"},{"@type":"ListItem","position":3,"name":"Prezent\u00e1cia v R\u00e1diu Dychovka"}]},{"@type":"WebSite","@id":"https:\/\/shop.dychovahudba.sk\/#website","url":"https:\/\/shop.dychovahudba.sk\/","name":"SHOP - Slovensk\u00e1 dychov\u00e1 hudba","description":"Knihy-Noty-CD-DVD-Merch-Hudobn\u00e9 n\u00e1stroje","potentialAction":[{"@type":"SearchAction","target":{"@type":"EntryPoint","urlTemplate":"https:\/\/shop.dychovahudba.sk\/?s={search_term_string}"},"query-input":{"@type":"PropertyValueSpecification","valueRequired":true,"valueName":"search_term_string"}}],"inLanguage":"en-US"}]}},"_links":{"self":[{"href":"https:\/\/shop.dychovahudba.sk\/en\/wp-json\/wp\/v2\/product\/44","targetHints":{"allow":["GET"]}}],"collection":[{"href":"https:\/\/shop.dychovahudba.sk\/en\/wp-json\/wp\/v2\/product"}],"about":[{"href":"https:\/\/shop.dychovahudba.sk\/en\/wp-json\/wp\/v2\/types\/product"}],"replies":[{"embeddable":true,"href":"https:\/\/shop.dychovahudba.sk\/en\/wp-json\/wp\/v2\/comments?post=44"}],"wp:featuredmedia":[{"embeddable":true,"href":"https:\/\/shop.dychovahudba.sk\/en\/wp-json\/wp\/v2\/media\/45"}],"wp:attachment":[{"href":"https:\/\/shop.dychovahudba.sk\/en\/wp-json\/wp\/v2\/media?parent=44"}],"wp:term":[{"taxonomy":"product_brand","embeddable":true,"href":"https:\/\/shop.dychovahudba.sk\/en\/wp-json\/wp\/v2\/product_brand?post=44"},{"taxonomy":"product_cat","embeddable":true,"href":"https:\/\/shop.dychovahudba.sk\/en\/wp-json\/wp\/v2\/product_cat?post=44"},{"taxonomy":"product_tag","embeddable":true,"href":"https:\/\/shop.dychovahudba.sk\/en\/wp-json\/wp\/v2\/product_tag?post=44"}],"curies":[{"name":"wp","href":"https:\/\/api.w.org\/{rel}","templated":true}]}}