{"id":545,"date":"2023-04-19T11:53:04","date_gmt":"2023-04-19T09:53:04","guid":{"rendered":"https:\/\/shop.dychovahudba.sk\/?post_type=product&#038;p=545"},"modified":"2026-01-26T09:36:18","modified_gmt":"2026-01-26T08:36:18","slug":"ludove-piesne-pre-dychovu-hudbu-knizky-pochodovky","status":"publish","type":"product","link":"https:\/\/shop.dychovahudba.sk\/en\/product\/ludove-piesne-pre-dychovu-hudbu-knizky-pochodovky\/","title":{"rendered":"\u013dudov\u00e9 piesne pre dychov\u00fa hudbu \u2013 kn\u00ed\u017eky (pochodovky) PDF form\u00e1t"},"content":{"rendered":"<p><span style=\"color: #ff0000;\"><strong><span style=\"font-size: 14pt;\">Ponuka v r\u00e1mci podpory a rozvoja dychovej hudby:<\/span><\/strong><\/span><\/p>\n<p><span style=\"font-size: 14pt; color: #000000;\">V spolupr\u00e1ci s All Music Service d\u00e1vame do pozornosti pochodov\u00e9 kn\u00ed\u017eky do l\u00fdry pre 13 n\u00e1strojov, 50 skladieb, <strong><span style=\"color: #ff0000;\">vo form\u00e1te PDF na stiahnutie<\/span><\/strong> (sami si vytla\u010d\u00edte)\u00a0<\/span><\/p>\n<p><span style=\"font-size: 14pt; color: #000000;\">Dodanie obratom po uhraden\u00ed objedn\u00e1vky.<\/span><\/p>\n<hr \/>\n<ul>\n<li><span style=\"font-size: 14pt; color: #000000;\">Pestr\u00fd v\u00fdber skladieb vhodn\u00fd na ak\u00e9ko\u013evek podujatie v ter\u00e9ne \u010di na koncerte\u00a0<img decoding=\"async\" class=\"emoji\" role=\"img\" draggable=\"false\" src=\"https:\/\/s.w.org\/images\/core\/emoji\/14.0.0\/svg\/1f642.svg\" alt=\"\ud83d\ude42\" \/><\/span><\/li>\n<li><span style=\"font-size: 14pt; color: #000000;\">jednoduch\u00e9 \u00fapravy \u013eudov\u00fdch skladieb \u2013 polky a val\u010d\u00edky,\u00a0(fa\u0161iangy, stavanie m\u00e1ja, svadobn\u00e9 chodn\u00edky-vystr\u00e1ja\u010dky, rodinn\u00e9 oslavy, hody a kade\u010do in\u00e9.)<\/span><\/li>\n<li><span style=\"font-size: 14pt; color: #000000;\">form\u00e1t 160mm x 130mm (form\u00e1t do l\u00fdry)<\/span><\/li>\n<li><span style=\"font-size: 14pt; color: #000000;\">Aran\u017eoval: Peter \u010cerni\u010dka<\/span><\/li>\n<\/ul>\n<p><span style=\"color: #000000;\"><strong>13 kni\u017eiek:<\/strong><\/span><\/p>\n<ul>\n<li><span style=\"color: #000000;\">Eb klarinet<\/span><\/li>\n<li><span style=\"color: #000000;\">1Bb klarinet<\/span><\/li>\n<li><span style=\"color: #000000;\">Kr\u00eddlovka 1Bb<\/span><\/li>\n<li><span style=\"color: #000000;\">Kr\u00eddlovka 2Bb<\/span><\/li>\n<li><span style=\"color: #000000;\">Trumpeta Oblig\u00e1tka<\/span><\/li>\n<li><span style=\"color: #000000;\">Tenor<\/span><\/li>\n<li><span style=\"color: #000000;\">Baryt\u00f3n C<\/span><\/li>\n<li><span style=\"color: #000000;\">Melodick\u00fd tromb\u00f3n C<\/span><\/li>\n<li><span style=\"color: #000000;\">Tromb\u00f3n (Bb) dopr.<\/span><\/li>\n<li><span style=\"color: #000000;\">Tr\u00fabka dopr. 1Bb<\/span><\/li>\n<li><span style=\"color: #000000;\">Tr\u00fabka dopr. 2Bb<\/span><\/li>\n<li><span style=\"color: #000000;\">Tuba C\u00a0<\/span><\/li>\n<li>Bicie<br \/>\n<hr \/>\n<p><span style=\"font-size: 14pt; color: #000000;\"><strong>Zoznam skladieb:<\/strong><\/span><\/p>\n<p><span style=\"font-size: 14pt; color: #000000;\">1. V hornom konci b\u00fdvam<\/span><br \/>\n<span style=\"font-size: 14pt; color: #000000;\">2. \u010co to tam \u0161uchoce<\/span><br \/>\n<span style=\"font-size: 14pt; color: #000000;\">3. Do r\u00e1na je mal\u00e1 chv\u00ed\u013ea<\/span><br \/>\n<span style=\"font-size: 14pt; color: #000000;\">4. A od Pre\u0161ova<\/span><br \/>\n<span style=\"font-size: 14pt; color: #000000;\">5. Dolina, dolina<\/span><br \/>\n<span style=\"font-size: 14pt; color: #000000;\">6. Drietomsk\u00fa dolinu<\/span><br \/>\n<span style=\"font-size: 14pt; color: #000000;\">7. Horela lipka horela<\/span><br \/>\n<span style=\"font-size: 14pt; color: #000000;\">8. Kde\u017ee si Ani\u010dka<\/span><br \/>\n<span style=\"font-size: 14pt; color: #000000;\">9. Jedna ru\u017ea, dve ru\u017ee<\/span><br \/>\n<span style=\"font-size: 14pt; color: #000000;\">10. Ke\u010f sme roli\u010dku orali<\/span><br \/>\n<span style=\"font-size: 14pt; color: #000000;\">11. Javorinka \u0161ediv\u00e1<\/span><br \/>\n<span style=\"font-size: 14pt; color: #000000;\">12. Ke\u010f som i\u0161iel okolo V\u00e1s<\/span><br \/>\n<span style=\"font-size: 14pt; color: #000000;\">13. Ke\u010f rozkvitne biela ru\u017ea<\/span><br \/>\n<span style=\"font-size: 14pt; color: #000000;\">14. Konopa, konopa<\/span><br \/>\n<span style=\"font-size: 14pt; color: #000000;\">15. Kedy \u017ee to \u017e\u00edtko z\u00edde<\/span><br \/>\n<span style=\"font-size: 14pt; color: #000000;\">16. Mala som, mala som<\/span><br \/>\n<span style=\"font-size: 14pt; color: #000000;\">17. Kone moje vran\u00e9<\/span><br \/>\n<span style=\"font-size: 14pt; color: #000000;\">18. M\u00e1m ja kosu, kosi\u010dku<\/span><br \/>\n<span style=\"font-size: 14pt; color: #000000;\">19. Letela husi\u010dka<\/span><br \/>\n<span style=\"font-size: 14pt; color: #000000;\">20. Mamko moja mami\u010denko<\/span><br \/>\n<span style=\"font-size: 14pt; color: #000000;\">21. Mal som p\u00ed\u0161\u0165alo\u010dku<\/span><br \/>\n<span style=\"font-size: 14pt; color: #000000;\">22. Na Pankr\u00e1ci<\/span><br \/>\n<span style=\"font-size: 14pt; color: #000000;\">23. Na Orave dobre<\/span><br \/>\n<span style=\"font-size: 14pt; color: #000000;\">24. Na\u010do mi je t\u00e1 zahradka<\/span><br \/>\n<span style=\"font-size: 14pt; color: #000000;\">25. Ne\u010faleko mlyna ve\u013ek\u00e1 hlbo\u010dina<\/span><br \/>\n<span style=\"font-size: 14pt; color: #000000;\">26. Neber si syne\u010dku<\/span><br \/>\n<span style=\"font-size: 14pt; color: #000000;\">27. Ne\u010faleko od Tren\u010d\u00edna<\/span><br \/>\n<span style=\"font-size: 14pt; color: #000000;\">28. Neviem, neviem<\/span><br \/>\n<span style=\"font-size: 14pt; color: #000000;\">29. Okolo mlyna<\/span><br \/>\n<span style=\"font-size: 14pt; color: #000000;\">30. Okolo S\u00fa\u010de<\/span><br \/>\n<span style=\"font-size: 14pt; color: #000000;\">31. Na jese\u0148 ke\u010f chlapci rukuj\u00fa<\/span><br \/>\n<span style=\"font-size: 14pt; color: #000000;\">32. Za t\u00fa horu<\/span><br \/>\n<span style=\"font-size: 14pt; color: #000000;\">33. Si moja mil\u00e1<\/span><br \/>\n<span style=\"font-size: 14pt; color: #000000;\">34. Sadla v\u010dielka<\/span><br \/>\n<span style=\"font-size: 14pt; color: #000000;\">35. Sedemn\u00e1s\u0165 liet<\/span><br \/>\n<span style=\"font-size: 14pt; color: #000000;\">36. \u0160\u00edpov\u00e1 ru\u017ei\u010dka<\/span><br \/>\n<span style=\"font-size: 14pt; color: #000000;\">37. Slovensk\u00e9 mami\u010dky<\/span><br \/>\n<span style=\"font-size: 14pt; color: #000000;\">38. Vydala ma mamka<\/span><br \/>\n<span style=\"font-size: 14pt; color: #000000;\">39. \u0160tudensk\u00e1 halenka<\/span><br \/>\n<span style=\"font-size: 14pt; color: #000000;\">40. Vydala mami\u010dka<\/span><br \/>\n<span style=\"font-size: 14pt; color: #000000;\">41. Pre\u0161porsk\u00e1 kas\u00e1re\u0148<\/span><br \/>\n<span style=\"font-size: 14pt; color: #000000;\">42. Tren\u010diansku dolinu<\/span><br \/>\n<span style=\"font-size: 14pt; color: #000000;\">43. Tam pod tatrami<\/span><br \/>\n<span style=\"font-size: 14pt; color: #000000;\">44. Utrhla sa skala<\/span><br \/>\n<span style=\"font-size: 14pt; color: #000000;\">45. Pre\u010do sa ml\u00e1denci neo\u017een\u00edte<\/span><br \/>\n<span style=\"font-size: 14pt; color: #000000;\">46. Okolo Tren\u010d\u00edna<\/span><br \/>\n<span style=\"font-size: 14pt; color: #000000;\">47. Keby ja vedela<\/span><br \/>\n<span style=\"font-size: 14pt; color: #000000;\">48. U\u017e je ve\u010der<\/span><br \/>\n<span style=\"font-size: 14pt; color: #000000;\">49. V richt\u00e1rovej studni<\/span><br \/>\n<span style=\"font-size: 14pt; color: #000000;\">50. Na Kr\u00e1\u013eovej holi<\/span><\/li>\n<\/ul>","protected":false},"excerpt":{"rendered":"<p><strong>PDF form\u00e1t na stiahnutie<\/strong><\/p>","protected":false},"featured_media":548,"comment_status":"open","ping_status":"closed","template":"","meta":{"_monsterinsights_skip_tracking":false,"_monsterinsights_sitenote_active":false,"_monsterinsights_sitenote_note":"","_monsterinsights_sitenote_category":0},"product_brand":[],"product_cat":[66],"product_tag":[],"class_list":{"0":"post-545","1":"product","2":"type-product","3":"status-publish","4":"has-post-thumbnail","6":"product_cat-noty","8":"first","9":"outofstock","10":"downloadable","11":"virtual","12":"purchasable","13":"product-type-simple"},"yoast_head":"<!-- This site is optimized with the Yoast SEO plugin v26.8 - https:\/\/yoast.com\/product\/yoast-seo-wordpress\/ -->\n<title>\u013dudov\u00e9 piesne pre dychov\u00fa hudbu \u2013 kn\u00ed\u017eky (pochodovky) PDF form\u00e1t - SHOP - Slovensk\u00e1 dychov\u00e1 hudba<\/title>\n<meta name=\"description\" content=\"\u013dudov\u00e9 piesne pre dychov\u00fa hudbu - Pochodovky do l\u00fdry\" \/>\n<meta name=\"robots\" content=\"index, follow, max-snippet:-1, max-image-preview:large, max-video-preview:-1\" \/>\n<link rel=\"canonical\" href=\"https:\/\/shop.dychovahudba.sk\/en\/product\/ludove-piesne-pre-dychovu-hudbu-knizky-pochodovky\/\" \/>\n<meta property=\"og:locale\" content=\"en_US\" \/>\n<meta property=\"og:type\" content=\"article\" \/>\n<meta property=\"og:title\" content=\"\u013dudov\u00e9 piesne pre dychov\u00fa hudbu - Pochodovky do l\u00fdry\" \/>\n<meta property=\"og:description\" content=\"\u013dudov\u00e9 piesne pre dychov\u00fa hudbu - Pochodovky do l\u00fdry\" \/>\n<meta property=\"og:url\" content=\"https:\/\/shop.dychovahudba.sk\/en\/product\/ludove-piesne-pre-dychovu-hudbu-knizky-pochodovky\/\" \/>\n<meta property=\"og:site_name\" content=\"SHOP - Slovensk\u00e1 dychov\u00e1 hudba\" \/>\n<meta property=\"article:modified_time\" content=\"2026-01-26T08:36:18+00:00\" \/>\n<meta property=\"og:image\" content=\"https:\/\/shop.dychovahudba.sk\/wp-content\/uploads\/2023\/04\/PK-2.png\" \/>\n\t<meta property=\"og:image:width\" content=\"774\" \/>\n\t<meta property=\"og:image:height\" content=\"605\" \/>\n\t<meta property=\"og:image:type\" content=\"image\/png\" \/>\n<meta name=\"twitter:card\" content=\"summary_large_image\" \/>\n<meta name=\"twitter:label1\" content=\"Est. reading time\" \/>\n\t<meta name=\"twitter:data1\" content=\"2 minutes\" \/>\n<script type=\"application\/ld+json\" class=\"yoast-schema-graph\">{\"@context\":\"https:\/\/schema.org\",\"@graph\":[{\"@type\":\"WebPage\",\"@id\":\"https:\/\/shop.dychovahudba.sk\/produkt\/ludove-piesne-pre-dychovu-hudbu-knizky-pochodovky\/\",\"url\":\"https:\/\/shop.dychovahudba.sk\/produkt\/ludove-piesne-pre-dychovu-hudbu-knizky-pochodovky\/\",\"name\":\"\u013dudov\u00e9 piesne pre dychov\u00fa hudbu \u2013 kn\u00ed\u017eky (pochodovky) PDF form\u00e1t - SHOP - Slovensk\u00e1 dychov\u00e1 hudba\",\"isPartOf\":{\"@id\":\"https:\/\/shop.dychovahudba.sk\/#website\"},\"primaryImageOfPage\":{\"@id\":\"https:\/\/shop.dychovahudba.sk\/produkt\/ludove-piesne-pre-dychovu-hudbu-knizky-pochodovky\/#primaryimage\"},\"image\":{\"@id\":\"https:\/\/shop.dychovahudba.sk\/produkt\/ludove-piesne-pre-dychovu-hudbu-knizky-pochodovky\/#primaryimage\"},\"thumbnailUrl\":\"https:\/\/shop.dychovahudba.sk\/wp-content\/uploads\/2023\/04\/PK-2.png\",\"datePublished\":\"2023-04-19T09:53:04+00:00\",\"dateModified\":\"2026-01-26T08:36:18+00:00\",\"description\":\"\u013dudov\u00e9 piesne pre dychov\u00fa hudbu - Pochodovky do l\u00fdry\",\"breadcrumb\":{\"@id\":\"https:\/\/shop.dychovahudba.sk\/produkt\/ludove-piesne-pre-dychovu-hudbu-knizky-pochodovky\/#breadcrumb\"},\"inLanguage\":\"en-US\",\"potentialAction\":[{\"@type\":\"ReadAction\",\"target\":[\"https:\/\/shop.dychovahudba.sk\/produkt\/ludove-piesne-pre-dychovu-hudbu-knizky-pochodovky\/\"]}]},{\"@type\":\"ImageObject\",\"inLanguage\":\"en-US\",\"@id\":\"https:\/\/shop.dychovahudba.sk\/produkt\/ludove-piesne-pre-dychovu-hudbu-knizky-pochodovky\/#primaryimage\",\"url\":\"https:\/\/shop.dychovahudba.sk\/wp-content\/uploads\/2023\/04\/PK-2.png\",\"contentUrl\":\"https:\/\/shop.dychovahudba.sk\/wp-content\/uploads\/2023\/04\/PK-2.png\",\"width\":774,\"height\":605},{\"@type\":\"BreadcrumbList\",\"@id\":\"https:\/\/shop.dychovahudba.sk\/produkt\/ludove-piesne-pre-dychovu-hudbu-knizky-pochodovky\/#breadcrumb\",\"itemListElement\":[{\"@type\":\"ListItem\",\"position\":1,\"name\":\"Home\",\"item\":\"https:\/\/shop.dychovahudba.sk\/\"},{\"@type\":\"ListItem\",\"position\":2,\"name\":\"Obchod\",\"item\":\"https:\/\/shop.dychovahudba.sk\/\"},{\"@type\":\"ListItem\",\"position\":3,\"name\":\"\u013dudov\u00e9 piesne pre dychov\u00fa hudbu \u2013 kn\u00ed\u017eky (pochodovky) PDF form\u00e1t\"}]},{\"@type\":\"WebSite\",\"@id\":\"https:\/\/shop.dychovahudba.sk\/#website\",\"url\":\"https:\/\/shop.dychovahudba.sk\/\",\"name\":\"SHOP - Slovensk\u00e1 dychov\u00e1 hudba\",\"description\":\"Knihy-Noty-CD-DVD-Merch-Hudobn\u00e9 n\u00e1stroje\",\"potentialAction\":[{\"@type\":\"SearchAction\",\"target\":{\"@type\":\"EntryPoint\",\"urlTemplate\":\"https:\/\/shop.dychovahudba.sk\/?s={search_term_string}\"},\"query-input\":{\"@type\":\"PropertyValueSpecification\",\"valueRequired\":true,\"valueName\":\"search_term_string\"}}],\"inLanguage\":\"en-US\"}]}<\/script>\n<!-- \/ Yoast SEO plugin. -->","yoast_head_json":{"title":"\u013dudov\u00e9 piesne pre dychov\u00fa hudbu \u2013 kn\u00ed\u017eky (pochodovky) PDF form\u00e1t - SHOP - Slovensk\u00e1 dychov\u00e1 hudba","description":"\u013dudov\u00e9 piesne pre dychov\u00fa hudbu - Pochodovky do l\u00fdry","robots":{"index":"index","follow":"follow","max-snippet":"max-snippet:-1","max-image-preview":"max-image-preview:large","max-video-preview":"max-video-preview:-1"},"canonical":"https:\/\/shop.dychovahudba.sk\/en\/product\/ludove-piesne-pre-dychovu-hudbu-knizky-pochodovky\/","og_locale":"en_US","og_type":"article","og_title":"\u013dudov\u00e9 piesne pre dychov\u00fa hudbu - Pochodovky do l\u00fdry","og_description":"\u013dudov\u00e9 piesne pre dychov\u00fa hudbu - Pochodovky do l\u00fdry","og_url":"https:\/\/shop.dychovahudba.sk\/en\/product\/ludove-piesne-pre-dychovu-hudbu-knizky-pochodovky\/","og_site_name":"SHOP - Slovensk\u00e1 dychov\u00e1 hudba","article_modified_time":"2026-01-26T08:36:18+00:00","og_image":[{"width":774,"height":605,"url":"https:\/\/shop.dychovahudba.sk\/wp-content\/uploads\/2023\/04\/PK-2.png","type":"image\/png"}],"twitter_card":"summary_large_image","twitter_misc":{"Est. reading time":"2 minutes"},"schema":{"@context":"https:\/\/schema.org","@graph":[{"@type":"WebPage","@id":"https:\/\/shop.dychovahudba.sk\/produkt\/ludove-piesne-pre-dychovu-hudbu-knizky-pochodovky\/","url":"https:\/\/shop.dychovahudba.sk\/produkt\/ludove-piesne-pre-dychovu-hudbu-knizky-pochodovky\/","name":"\u013dudov\u00e9 piesne pre dychov\u00fa hudbu \u2013 kn\u00ed\u017eky (pochodovky) PDF form\u00e1t - SHOP - Slovensk\u00e1 dychov\u00e1 hudba","isPartOf":{"@id":"https:\/\/shop.dychovahudba.sk\/#website"},"primaryImageOfPage":{"@id":"https:\/\/shop.dychovahudba.sk\/produkt\/ludove-piesne-pre-dychovu-hudbu-knizky-pochodovky\/#primaryimage"},"image":{"@id":"https:\/\/shop.dychovahudba.sk\/produkt\/ludove-piesne-pre-dychovu-hudbu-knizky-pochodovky\/#primaryimage"},"thumbnailUrl":"https:\/\/shop.dychovahudba.sk\/wp-content\/uploads\/2023\/04\/PK-2.png","datePublished":"2023-04-19T09:53:04+00:00","dateModified":"2026-01-26T08:36:18+00:00","description":"\u013dudov\u00e9 piesne pre dychov\u00fa hudbu - Pochodovky do l\u00fdry","breadcrumb":{"@id":"https:\/\/shop.dychovahudba.sk\/produkt\/ludove-piesne-pre-dychovu-hudbu-knizky-pochodovky\/#breadcrumb"},"inLanguage":"en-US","potentialAction":[{"@type":"ReadAction","target":["https:\/\/shop.dychovahudba.sk\/produkt\/ludove-piesne-pre-dychovu-hudbu-knizky-pochodovky\/"]}]},{"@type":"ImageObject","inLanguage":"en-US","@id":"https:\/\/shop.dychovahudba.sk\/produkt\/ludove-piesne-pre-dychovu-hudbu-knizky-pochodovky\/#primaryimage","url":"https:\/\/shop.dychovahudba.sk\/wp-content\/uploads\/2023\/04\/PK-2.png","contentUrl":"https:\/\/shop.dychovahudba.sk\/wp-content\/uploads\/2023\/04\/PK-2.png","width":774,"height":605},{"@type":"BreadcrumbList","@id":"https:\/\/shop.dychovahudba.sk\/produkt\/ludove-piesne-pre-dychovu-hudbu-knizky-pochodovky\/#breadcrumb","itemListElement":[{"@type":"ListItem","position":1,"name":"Home","item":"https:\/\/shop.dychovahudba.sk\/"},{"@type":"ListItem","position":2,"name":"Obchod","item":"https:\/\/shop.dychovahudba.sk\/"},{"@type":"ListItem","position":3,"name":"\u013dudov\u00e9 piesne pre dychov\u00fa hudbu \u2013 kn\u00ed\u017eky (pochodovky) PDF form\u00e1t"}]},{"@type":"WebSite","@id":"https:\/\/shop.dychovahudba.sk\/#website","url":"https:\/\/shop.dychovahudba.sk\/","name":"SHOP - Slovensk\u00e1 dychov\u00e1 hudba","description":"Knihy-Noty-CD-DVD-Merch-Hudobn\u00e9 n\u00e1stroje","potentialAction":[{"@type":"SearchAction","target":{"@type":"EntryPoint","urlTemplate":"https:\/\/shop.dychovahudba.sk\/?s={search_term_string}"},"query-input":{"@type":"PropertyValueSpecification","valueRequired":true,"valueName":"search_term_string"}}],"inLanguage":"en-US"}]}},"_links":{"self":[{"href":"https:\/\/shop.dychovahudba.sk\/en\/wp-json\/wp\/v2\/product\/545","targetHints":{"allow":["GET"]}}],"collection":[{"href":"https:\/\/shop.dychovahudba.sk\/en\/wp-json\/wp\/v2\/product"}],"about":[{"href":"https:\/\/shop.dychovahudba.sk\/en\/wp-json\/wp\/v2\/types\/product"}],"replies":[{"embeddable":true,"href":"https:\/\/shop.dychovahudba.sk\/en\/wp-json\/wp\/v2\/comments?post=545"}],"wp:featuredmedia":[{"embeddable":true,"href":"https:\/\/shop.dychovahudba.sk\/en\/wp-json\/wp\/v2\/media\/548"}],"wp:attachment":[{"href":"https:\/\/shop.dychovahudba.sk\/en\/wp-json\/wp\/v2\/media?parent=545"}],"wp:term":[{"taxonomy":"product_brand","embeddable":true,"href":"https:\/\/shop.dychovahudba.sk\/en\/wp-json\/wp\/v2\/product_brand?post=545"},{"taxonomy":"product_cat","embeddable":true,"href":"https:\/\/shop.dychovahudba.sk\/en\/wp-json\/wp\/v2\/product_cat?post=545"},{"taxonomy":"product_tag","embeddable":true,"href":"https:\/\/shop.dychovahudba.sk\/en\/wp-json\/wp\/v2\/product_tag?post=545"}],"curies":[{"name":"wp","href":"https:\/\/api.w.org\/{rel}","templated":true}]}}